{"id":1745,"date":"2026-04-22T20:42:11","date_gmt":"2026-04-22T18:42:11","guid":{"rendered":"https:\/\/www.adriankezele.com\/new\/patreon\/"},"modified":"2026-05-01T08:54:25","modified_gmt":"2026-05-01T06:54:25","slug":"patreon","status":"publish","type":"page","link":"https:\/\/www.adriankezele.com\/sl\/patreon\/","title":{"rendered":"Patreon"},"content":{"rendered":"","protected":false},"excerpt":{"rendered":"","protected":false},"author":3,"featured_media":0,"parent":0,"menu_order":0,"comment_status":"closed","ping_status":"closed","template":"","meta":{"_acf_changed":false,"slim_seo":{"title":"Patreon - Adrian Kezele","description":"Patreon Mesto sre\u010devanja, u\u010denja in raziskovanja V zadnjem \u010dasu sem ob knjigah in delavnicah ustvaril tih prostor \u2013 prostor, ki nam omogo\u010da neposreden in nemote"},"footnotes":""},"class_list":["post-1745","page","type-page","status-publish","hentry"],"acf":[],"_links":{"self":[{"href":"https:\/\/www.adriankezele.com\/sl\/wp-json\/wp\/v2\/pages\/1745","targetHints":{"allow":["GET"]}}],"collection":[{"href":"https:\/\/www.adriankezele.com\/sl\/wp-json\/wp\/v2\/pages"}],"about":[{"href":"https:\/\/www.adriankezele.com\/sl\/wp-json\/wp\/v2\/types\/page"}],"author":[{"embeddable":true,"href":"https:\/\/www.adriankezele.com\/sl\/wp-json\/wp\/v2\/users\/3"}],"replies":[{"embeddable":true,"href":"https:\/\/www.adriankezele.com\/sl\/wp-json\/wp\/v2\/comments?post=1745"}],"version-history":[{"count":4,"href":"https:\/\/www.adriankezele.com\/sl\/wp-json\/wp\/v2\/pages\/1745\/revisions"}],"predecessor-version":[{"id":2338,"href":"https:\/\/www.adriankezele.com\/sl\/wp-json\/wp\/v2\/pages\/1745\/revisions\/2338"}],"wp:attachment":[{"href":"https:\/\/www.adriankezele.com\/sl\/wp-json\/wp\/v2\/media?parent=1745"}],"curies":[{"name":"wp","href":"https:\/\/api.w.org\/{rel}","templated":true}]}}