{"id":1685,"date":"2026-02-11T17:29:44","date_gmt":"2026-02-11T16:29:44","guid":{"rendered":"https:\/\/www.adriankezele.com\/new\/naslovnica\/"},"modified":"2026-05-04T07:57:46","modified_gmt":"2026-05-04T05:57:46","slug":"domov","status":"publish","type":"page","link":"https:\/\/www.adriankezele.com\/sl\/","title":{"rendered":"Domov"},"content":{"rendered":"","protected":false},"excerpt":{"rendered":"","protected":false},"author":1,"featured_media":0,"parent":0,"menu_order":0,"comment_status":"closed","ping_status":"closed","template":"","meta":{"_acf_changed":false,"slim_seo":{"title":"Adrian Kezele - Odbacio sam odje\u0107u, skinuo cipele, gol i bos hodao po oluji. Sada vi\u0161e ne znam gdje su oni stari zidovi; da li su ikada postojali? Izi\u0161ao sam iz sebe i predao se tebi. Ne, nisam vi\u0161e ovdje. Ostalo je samo sje\u0107anje na san koji je ru\u017ea usnula tik prije bu\u0111enja.","description":"Adrian Kezele Ve\u010d kot pet desetletij brezkompromisnega raziskovanja; \u017eivljenje, posve\u010deno samo in izklju\u010dno enemu cilju: odstranjevanju plasti iluzije in iskanj"},"footnotes":""},"class_list":["post-1685","page","type-page","status-publish","hentry"],"acf":[],"_links":{"self":[{"href":"https:\/\/www.adriankezele.com\/sl\/wp-json\/wp\/v2\/pages\/1685","targetHints":{"allow":["GET"]}}],"collection":[{"href":"https:\/\/www.adriankezele.com\/sl\/wp-json\/wp\/v2\/pages"}],"about":[{"href":"https:\/\/www.adriankezele.com\/sl\/wp-json\/wp\/v2\/types\/page"}],"author":[{"embeddable":true,"href":"https:\/\/www.adriankezele.com\/sl\/wp-json\/wp\/v2\/users\/1"}],"replies":[{"embeddable":true,"href":"https:\/\/www.adriankezele.com\/sl\/wp-json\/wp\/v2\/comments?post=1685"}],"version-history":[{"count":8,"href":"https:\/\/www.adriankezele.com\/sl\/wp-json\/wp\/v2\/pages\/1685\/revisions"}],"predecessor-version":[{"id":2458,"href":"https:\/\/www.adriankezele.com\/sl\/wp-json\/wp\/v2\/pages\/1685\/revisions\/2458"}],"wp:attachment":[{"href":"https:\/\/www.adriankezele.com\/sl\/wp-json\/wp\/v2\/media?parent=1685"}],"curies":[{"name":"wp","href":"https:\/\/api.w.org\/{rel}","templated":true}]}}