{"id":3264,"date":"2019-01-08T22:13:13","date_gmt":"2019-01-08T20:13:13","guid":{"rendered":"http:\/\/www.adriankezele.com\/?page_id=3264"},"modified":"2019-05-22T18:19:56","modified_gmt":"2019-05-22T16:19:56","slug":"placanje-kriptovalutom","status":"publish","type":"page","link":"https:\/\/www.adriankezele.com\/kriptorevolucija\/placanje-kriptovalutom\/","title":{"rendered":"Pla\u0107anje kriptovalutom"},"content":{"rendered":"<p><a href=\"http:\/\/www.adriankezele.com\/wp-content\/uploads\/kriptoupaja_logo_1.jpg\"><img decoding=\"async\" loading=\"lazy\" class=\"aligncenter size-full wp-image-3156\" src=\"http:\/\/www.adriankezele.com\/wp-content\/uploads\/kriptoupaja_logo_1.jpg\" alt=\"\" width=\"777\" height=\"776\" srcset=\"https:\/\/www.adriankezele.com\/kriptorevolucija\/wp-content\/uploads\/kriptoupaja_logo_1.jpg 777w, https:\/\/www.adriankezele.com\/kriptorevolucija\/wp-content\/uploads\/kriptoupaja_logo_1-150x150.jpg 150w, https:\/\/www.adriankezele.com\/kriptorevolucija\/wp-content\/uploads\/kriptoupaja_logo_1-300x300.jpg 300w, https:\/\/www.adriankezele.com\/kriptorevolucija\/wp-content\/uploads\/kriptoupaja_logo_1-100x100.jpg 100w, https:\/\/www.adriankezele.com\/kriptorevolucija\/wp-content\/uploads\/kriptoupaja_logo_1-768x767.jpg 768w\" sizes=\"(max-width: 777px) 100vw, 777px\" \/><\/a><\/p>\n<p>&nbsp;<\/p>\n<p>U <a href=\"http:\/\/www.adriankezele.com\/moja-prva-kriptotransakcija\/\" target=\"_blank\" rel=\"noopener\">pro\u0161lom koraku<\/a> napravili ste svoju prvu kriptotransakciju i prebacili sredstva s mjenja\u010dnice na svoj nov\u010danik. Time ste napravili veliki korak, jer tako dugo dok je kriptovaluta bila na mjenja\u010dnici vi niste izi\u0161li iz centraliziranog monetarnog sustava. I dalje je va\u0161 novac \u010duvala neka \u201einstitucija\u201c, to jest posrednik. Od ovog trenutka nadalje, dakle od trenutka kad ste prebacili sredstva u svoj nov\u010danik, u\u0161li ste u podru\u010dje monetarne decentralizacije. Od sada nadalje pla\u0107ate izravno, bez posrednika. Va\u0161a energija ide izravno do primatelja, a to je promjena koju je svijet doslovce \u010dekao tisu\u0107lje\u0107ima.<\/p>\n<p>U ovom koraku nau\u010dit \u0107emo kako poslati sredstva iz Coinomi nov\u010danika na neku drugu adresu (u na\u0161em slu\u010daju to bi mogla biti va\u0161a donacija &#8211; u iznosu kojeg sanmi odredite &#8211; za projekt <a href=\"http:\/\/www.synchro.zone\">Synchro.zone<\/a> kojeg provodi Udruga Umjetnost davanja), gdje pogledati potvrdu transakcije i eventualno dojaviti primatelju da ste sredstva poslali. Za razliku od transakcije koju ste izvr\u0161ili ranije, gdje je polazna to\u010dka jo\u0161 uvijek bila centralizirana mjenja\u010dnica, u sljede\u0107oj \u0107emo transakciji presko\u010diti svakog posrednika i prebaciti vrijednost izravno od vas do primatelja.<\/p>\n<p>Naravno, sa svojim ranije kupljenim kriptosredstvima mo\u017eete raspolagati kako god \u017eelite (recimo, platiti njima pi\u0107e u obli\u017enjem kafi\u0107u ako je vlasnik kafi\u0107a dovoljno napredan da prima kripto), ali preporu\u010dujem da pro\u0111ete i sljede\u0107i korak na te\u010daju te na taj na\u010din osigurate da ste razumjeli kako se pla\u0107anje obavlja.<\/p>\n<p>Da biste otvorili pristup \u010dlanku kliknite na \u201ePay 10\u201c (Naravno, u svom SatoshiPay nov\u010daniku koji je u va\u0161em pregledniku morate imati barem 10 Lumena. Ako ih nemate, ili niste sigurni o \u010demu je rije\u010d, pro\u010ditajte \u010dlanak <a href=\"https:\/\/www.adriankezele.com\/kriptorevolucija\/kriptotecaj\/\" target=\"_blank\" rel=\"noopener\">&#8220;Kriptote\u010daj&#8221;<\/a> u kojem se nalaze napuci o tome kako pribaviti Lumene.)<\/p>\n<p>&nbsp;<\/p>\n<p><!--satoshipay:start--><\/p>\n<p>&nbsp;<\/p>\n<hr \/>\n<p>&nbsp;<\/p>\n<p>Hajdemo sad na prakti\u010dne detalje transakcije.<\/p>\n<p>Pokrenite Coinomi aplikaciju na svom mobilnom telefonu.<\/p>\n<p>Pokazat \u0107e vam se po\u010detni ekran s popisom kriptovaluta koje ste ranije odabrali.<\/p>\n<p>&nbsp;<\/p>\n<p><a href=\"http:\/\/www.adriankezele.com\/wp-content\/uploads\/Upaya-1.jpg\"><img decoding=\"async\" loading=\"lazy\" class=\"aligncenter wp-image-3265\" src=\"http:\/\/www.adriankezele.com\/wp-content\/uploads\/Upaya-1-498x1024.jpg\" alt=\"\" width=\"300\" height=\"617\" srcset=\"https:\/\/www.adriankezele.com\/kriptorevolucija\/wp-content\/uploads\/Upaya-1-498x1024.jpg 498w, https:\/\/www.adriankezele.com\/kriptorevolucija\/wp-content\/uploads\/Upaya-1-300x617.jpg 300w, https:\/\/www.adriankezele.com\/kriptorevolucija\/wp-content\/uploads\/Upaya-1-146x300.jpg 146w, https:\/\/www.adriankezele.com\/kriptorevolucija\/wp-content\/uploads\/Upaya-1-768x1579.jpg 768w, https:\/\/www.adriankezele.com\/kriptorevolucija\/wp-content\/uploads\/Upaya-1.jpg 1080w\" sizes=\"(max-width: 300px) 100vw, 300px\" \/><\/a><\/p>\n<p>&nbsp;<\/p>\n<p>Na vrhu je ukupni iznos sredstava koja imate u nov\u010daniku prema trenuta\u010dno va\u017ee\u0107em te\u010daju na kriptotr\u017ei\u0161tima.<\/p>\n<p>Primjer \u0107emo nastaviti s Litecoinima, ali kao i ranije, postupak je isti i za druge kriptovalute koje ste eventualno kupili na Coinbase mjenja\u010dnici i prebacili u svoj Coinomi nov\u010danik. Dodirnite prstom Litecoin.<\/p>\n<p>&nbsp;<\/p>\n<p><a href=\"http:\/\/www.adriankezele.com\/wp-content\/uploads\/Upaya-2.jpg\"><img decoding=\"async\" loading=\"lazy\" class=\"aligncenter wp-image-3266\" src=\"http:\/\/www.adriankezele.com\/wp-content\/uploads\/Upaya-2-498x1024.jpg\" alt=\"\" width=\"300\" height=\"617\" srcset=\"https:\/\/www.adriankezele.com\/kriptorevolucija\/wp-content\/uploads\/Upaya-2-498x1024.jpg 498w, https:\/\/www.adriankezele.com\/kriptorevolucija\/wp-content\/uploads\/Upaya-2-300x617.jpg 300w, https:\/\/www.adriankezele.com\/kriptorevolucija\/wp-content\/uploads\/Upaya-2-146x300.jpg 146w, https:\/\/www.adriankezele.com\/kriptorevolucija\/wp-content\/uploads\/Upaya-2-768x1579.jpg 768w, https:\/\/www.adriankezele.com\/kriptorevolucija\/wp-content\/uploads\/Upaya-2.jpg 1080w\" sizes=\"(max-width: 300px) 100vw, 300px\" \/><\/a><\/p>\n<p>&nbsp;<\/p>\n<p>Pokazat \u0107e vam se iznos Litecoina koje imate. Na ekranu \u0107e biti i popis transakcija koje ste do sada obavili. U va\u0161em slu\u010daju, to \u0107e vjerojatno biti jedna jedina \u2013 ona kojom ste primili sredstva koja ste poslali s Coinbase mjenja\u010dnice.<\/p>\n<p>Sada prije\u0111ite prstom preko ekrana kao da listate i pomaknite ga ulijevo. Ili, mo\u017eete prstom dotaknuti \u201esend\u201c koji se nalazi u gornjem desnom kutu. Pokazat \u0107e vam se sljede\u0107i ekran:<\/p>\n<p>&nbsp;<\/p>\n<p><a href=\"http:\/\/www.adriankezele.com\/wp-content\/uploads\/Upaya-3.jpg\"><img decoding=\"async\" loading=\"lazy\" class=\"aligncenter wp-image-3267\" src=\"http:\/\/www.adriankezele.com\/wp-content\/uploads\/Upaya-3-498x1024.jpg\" alt=\"\" width=\"300\" height=\"617\" srcset=\"https:\/\/www.adriankezele.com\/kriptorevolucija\/wp-content\/uploads\/Upaya-3-498x1024.jpg 498w, https:\/\/www.adriankezele.com\/kriptorevolucija\/wp-content\/uploads\/Upaya-3-300x617.jpg 300w, https:\/\/www.adriankezele.com\/kriptorevolucija\/wp-content\/uploads\/Upaya-3-146x300.jpg 146w, https:\/\/www.adriankezele.com\/kriptorevolucija\/wp-content\/uploads\/Upaya-3-768x1579.jpg 768w, https:\/\/www.adriankezele.com\/kriptorevolucija\/wp-content\/uploads\/Upaya-3.jpg 1080w\" sizes=\"(max-width: 300px) 100vw, 300px\" \/><\/a><\/p>\n<p>&nbsp;<\/p>\n<p>Na ovom mjestu vr\u0161ite pla\u0107anja svojim Litecoinima. (Naravno, isti postupak vrijedi i za druge valute, samo \u0161to na po\u010detnom ekranu odabirete tu odre\u0111enu valutu.)<\/p>\n<p>\u201ePay to\u201c (plati) i ispod toga \u201ename or address\u201c (ime ili adresa), ozna\u010davaju mjesto na koje mo\u017eete upisati adresu (javni klju\u010d) primatelja. Ako \u010desto \u0161aljete istom primatelju, mo\u017eete u aplikaciji pridru\u017eiti odre\u0111eni javni klju\u010d nekom imenu. U tom \u0107ete slu\u010daju ovdje upisati to ime i aplikacija \u0107e automatski znati na koju adresu \u0161alje sredstva. No budu\u0107i da mi to nismo u\u010dinili, a za ovu priliku nema ni potrebe jer \u0107e va\u0161 prilog biti jednokratan, morat \u0107ete upisati ispravnu adresu primatelja.<\/p>\n<p>Na kraju crte gdje upisujete adresu nalazi se ikonica koda. Ako je dodirnete, Coinomi aplikacija \u0107e pokrenuti va\u0161u kameru kojom mo\u017eete skenirati kod primatelja ako ga imate. U ovom slu\u010daju \u0107ete ga imati, pa mo\u017eemo i to isprobati.<\/p>\n<p>Pod \u201eAmount\u201c (iznos) \u0107ete upisati iznos koji \u017eelite poslati. Recimo da je to 0,2 LTC (Aplikacija \u0107e to automatski pretvoriti u fiat valutu \u2013 USD ili Euro \u2013 tako da to ne morate upisivati. Me\u0111utim, mogli biste nekome po\u017eeljeti poslati odre\u0111eni iznos u fiat valuti. U tom \u0107ete slu\u010daju na to mjesto upisati, recimo 20 USD, pa \u0107e aplikacija to automatski pretvoriti u kriptoiznos.)<\/p>\n<p>Sada nam je potrebna samo adresa na koju \u017eelite poslati sredstva. Ukoliko \u017eelite podra\u017eati projekt <a href=\"http:\/\/www.synchro.zone\">Synchro.zone, globalne mre\u017ee za sinkronisti\u010dki i intuitivnu komunikaciju<\/a>, mo\u017eete poslati neki iznos donacije (prema vlastitoj odluci) na donje adrese. Za ovu priliku ispisat \u0107emo vam adrese za slanje Bitcoina (BTC), Bitcoin Cash-a (BCH), Litecoina (LTC) i Ethera (ETH).<\/p>\n<p>Projektz Synchro.zone je besplatan, ali je zahtijevao prili\u010dan trud, energiju, vrijeme i znanje da bi bio dostupan online svima koji ga \u017eele koristiti. Tako\u0111er, odr\u017eavanje i unapre\u0111enje sustava zahtijeva odre\u0111ena ulaganja. Va\u0161a donacija \u0107e biti upotrebljena za pokrivanje takvih tro\u0161kova.<\/p>\n<p>&nbsp;<\/p>\n<p style=\"text-align: center\">***<\/p>\n<p>Bitcoin adresa: <strong>32cQVsGVrHypQDmWFDo5RjWfiPaGZ1wJXC<\/strong><\/p>\n<p>Bitcoin Cash adresa: <strong>17rPYMkrk6JoiuCTadggjp3vA1Xw7TbN2f<\/strong><\/p>\n<p>Litecoin adresa:<strong> LPjduGCMDZSPLeS69MgDQdTSDRrcTecnvE<\/strong><\/p>\n<p>Ether adresa: <strong><span class=\"mono wrap ng-binding\">0xd9d0af2c3B158bedB16077De1a65d4F13F119Ae5<\/span><\/strong><\/p>\n<p>Zavisno od kriptovalute u kojoj \u017eelite poslati svoju donaciju, upi\u0161ite odgovaraju\u0107u adresu na odgovaraju\u0107e mjesto u svom Coinomi nov\u010daniku. Uvijek nekoliko puta probvjerite da li ste upisali sve kako treba. (Gre\u0161ke se ne mogu ispraviti i va\u0161a sredstva mogu biti poslana u prazno, to jest do nepoznatog ili nepostoje\u0107eg primatelja.)<\/p>\n<p>U primjeru \u0107emo nastaviti s Litecoinima.<\/p>\n<p>Upi\u0161ite Litecoin adresu na odgovaraju\u0107e mjesto u Coinomi nov\u010daniku. Provjerite nekoliko puta jeste li je dobro upisali.<\/p>\n<p>Mo\u017eete upotrijebiti i ovaj kod:<\/p>\n<p>&nbsp;<\/p>\n<p><a href=\"http:\/\/www.adriankezele.com\/wp-content\/uploads\/ltc_adresa_kod.jpg\"><img decoding=\"async\" loading=\"lazy\" class=\"aligncenter wp-image-3576 size-full\" src=\"http:\/\/www.adriankezele.com\/wp-content\/uploads\/Litecoin-kod-donacija.jpg\" alt=\"\" width=\"217\" height=\"216\" srcset=\"https:\/\/www.adriankezele.com\/kriptorevolucija\/wp-content\/uploads\/Litecoin-kod-donacija.jpg 217w, https:\/\/www.adriankezele.com\/kriptorevolucija\/wp-content\/uploads\/Litecoin-kod-donacija-150x150.jpg 150w, https:\/\/www.adriankezele.com\/kriptorevolucija\/wp-content\/uploads\/Litecoin-kod-donacija-100x100.jpg 100w\" sizes=\"(max-width: 217px) 100vw, 217px\" \/><\/a><\/p>\n<p>&nbsp;<\/p>\n<p>Dodirnite ikonicu s kodom u svom Coinomi nov\u010daniku. Pokrenut \u0107e se kamera, koju usmjerite prema kodu na ekranu. Prakti\u010dno odmah u va\u0161em se nov\u010daniku mora pojaviti ispravna adresa primatelja. Provjerite nekoliko puta je li sve u redu.<\/p>\n<p>Bilo da ste adresu upisali ru\u010dno ili ste je skenirali kodom, va\u0161 ekran za slanje u Coinomi nov\u010daniku treba izgledati ovako:<\/p>\n<p>&nbsp;<\/p>\n<p><a href=\"http:\/\/www.adriankezele.com\/wp-content\/uploads\/Upaya-4.jpg\"><img decoding=\"async\" loading=\"lazy\" class=\"aligncenter wp-image-3269\" src=\"http:\/\/www.adriankezele.com\/wp-content\/uploads\/Upaya-4-498x1024.jpg\" alt=\"\" width=\"300\" height=\"617\" srcset=\"https:\/\/www.adriankezele.com\/kriptorevolucija\/wp-content\/uploads\/Upaya-4-498x1024.jpg 498w, https:\/\/www.adriankezele.com\/kriptorevolucija\/wp-content\/uploads\/Upaya-4-300x617.jpg 300w, https:\/\/www.adriankezele.com\/kriptorevolucija\/wp-content\/uploads\/Upaya-4-146x300.jpg 146w, https:\/\/www.adriankezele.com\/kriptorevolucija\/wp-content\/uploads\/Upaya-4-768x1579.jpg 768w, https:\/\/www.adriankezele.com\/kriptorevolucija\/wp-content\/uploads\/Upaya-4.jpg 1080w\" sizes=\"(max-width: 300px) 100vw, 300px\" \/><\/a><\/p>\n<p>&nbsp;<\/p>\n<p>&nbsp;<\/p>\n<p>(Na slici je neka druga adresa. Naravno, na va\u0161em ekranu treba biti adresa koju ste upisali. Ista razlika \u0107e se pojavljivati na ekranima koji slijede &#8211; zanemarite to i pratite samo da svoj ekran i da li je adresa primatelja koju ste upisali ispravna.)<\/p>\n<p>Dodirnite \u201eSEND\u201c (po\u0161alji).<\/p>\n<p>Pojavit \u0107e se sljede\u0107i ekran:<\/p>\n<p>&nbsp;<\/p>\n<p><a href=\"http:\/\/www.adriankezele.com\/wp-content\/uploads\/Upaya-5.jpg\"><img decoding=\"async\" loading=\"lazy\" class=\"aligncenter wp-image-3270\" src=\"http:\/\/www.adriankezele.com\/wp-content\/uploads\/Upaya-5-498x1024.jpg\" alt=\"\" width=\"300\" height=\"617\" srcset=\"https:\/\/www.adriankezele.com\/kriptorevolucija\/wp-content\/uploads\/Upaya-5-498x1024.jpg 498w, https:\/\/www.adriankezele.com\/kriptorevolucija\/wp-content\/uploads\/Upaya-5-300x617.jpg 300w, https:\/\/www.adriankezele.com\/kriptorevolucija\/wp-content\/uploads\/Upaya-5-146x300.jpg 146w, https:\/\/www.adriankezele.com\/kriptorevolucija\/wp-content\/uploads\/Upaya-5-768x1579.jpg 768w, https:\/\/www.adriankezele.com\/kriptorevolucija\/wp-content\/uploads\/Upaya-5.jpg 1080w\" sizes=\"(max-width: 300px) 100vw, 300px\" \/><\/a><\/p>\n<p>&nbsp;<\/p>\n<p>Najprije imate mogu\u0107nost odabira naknade za transakciju. Ostavite je na \u201eNormal\u201c. Teoretski, mogli biste je podesiti na \u201eLow priority\u201c (manje va\u017eno) ili \u201ePriority\u201c (va\u017eno). Va\u017enije transakcije zahtijevat \u0107e ve\u0107u naknadu i bit \u0107e provedene br\u017ee. Me\u0111utim, nema nikakve potrebe to \u010diniti jer \u0107e transakcija ionako biti obavljena unutar nekoliko minuta.<\/p>\n<p>Zatim imate ispisane podatke o transakciji (u primjeru, 0,20 LTC, iznos u fiat valuti, adresu primatelja), te u zasebnom redu to\u010dno koliku \u0107ete naknadu platiti. Kao \u0161to vidite, u na\u0161em slu\u010daju platili smo 0,00014496 LTC, \u0161to je otprilike 2 USD centa. (Mo\u017eda je dobro ovdje ponovno napomenuti prakti\u010dnost i niske tro\u0161kove ovakvog slanja vrijednosti. Imajte na umu da bi primatelj mogao biti na drugom kontinentu, recimo u Australiji. Zamislite proviziju koju biste platili bankama da po\u0161aljete 30 USD na drugi kontinent! I koliko vremena bi to trajalo! Pla\u0107anje karticama trenutno je kao \u0161to su i kriptopla\u0107anja, ali svaki poduzetnik zna da primanje sredstava karticama pove\u0107ava tro\u0161kove za 4-6% &#8211; \u0161to, naravno, u cijeni pla\u0107a kupac. Nadam se da po\u010dinjete shva\u0107ati prakti\u010dne prednosti decentraliziranih financija.)<\/p>\n<p>I naposljetku, da biste dovr\u0161ili transakciju, morate upisati svoju Coinomi lozinku (password). Nju ste postavili kod instalacije Coinomi nov\u010danika i pospremili na sigurno. Sada je upotrijebite.<\/p>\n<p>Upi\u0161ite lozinku i dodirnite \u201eCONFIRM\u201c (potvrdi).<\/p>\n<p>Ako se pojavi bilo kakva gre\u0161ka (recimo, \u201eno connection available\u201c \u2013 nema povezanosti, ili sli\u010dno), ponovite postupak.<\/p>\n<p>Ako je sve u redu, kratko \u0107e se na ekranu vidjeti natpis \u201eSending\u201c (\u0161aljem), a zatim \u0107e se pojaviti ekran s iznosom va\u0161ih Litecoina (ili druge kriptovaliute ako ste s njom radili).<\/p>\n<p>&nbsp;<\/p>\n<p><a href=\"http:\/\/www.adriankezele.com\/wp-content\/uploads\/Upaya-6.jpg\"><img decoding=\"async\" loading=\"lazy\" class=\"aligncenter wp-image-3271\" src=\"http:\/\/www.adriankezele.com\/wp-content\/uploads\/Upaya-6-498x1024.jpg\" alt=\"\" width=\"300\" height=\"617\" srcset=\"https:\/\/www.adriankezele.com\/kriptorevolucija\/wp-content\/uploads\/Upaya-6-498x1024.jpg 498w, https:\/\/www.adriankezele.com\/kriptorevolucija\/wp-content\/uploads\/Upaya-6-300x617.jpg 300w, https:\/\/www.adriankezele.com\/kriptorevolucija\/wp-content\/uploads\/Upaya-6-146x300.jpg 146w, https:\/\/www.adriankezele.com\/kriptorevolucija\/wp-content\/uploads\/Upaya-6-768x1579.jpg 768w, https:\/\/www.adriankezele.com\/kriptorevolucija\/wp-content\/uploads\/Upaya-6.jpg 1080w\" sizes=\"(max-width: 300px) 100vw, 300px\" \/><\/a><\/p>\n<p>&nbsp;<\/p>\n<p>Kao \u0161to vidite, iznos Litecoina koje sada posjedujete manji je za 0,2 + naknada. Prva transakcija ispod tog iznosa je sada ova koju ste upravo napravili. Ona je u sivoj boji, za razliku od prethodne koja je crna. To zna\u010di da Litecoin mre\u017ea jo\u0161 uvijek procesuira tu transakciju.<\/p>\n<p>Mo\u017eete dodirnuti transakciju.<\/p>\n<p>&nbsp;<\/p>\n<p><a href=\"http:\/\/www.adriankezele.com\/wp-content\/uploads\/Upaya-7.jpg\"><img decoding=\"async\" loading=\"lazy\" class=\"aligncenter wp-image-3272\" src=\"http:\/\/www.adriankezele.com\/wp-content\/uploads\/Upaya-7-498x1024.jpg\" alt=\"\" width=\"300\" height=\"617\" srcset=\"https:\/\/www.adriankezele.com\/kriptorevolucija\/wp-content\/uploads\/Upaya-7-498x1024.jpg 498w, https:\/\/www.adriankezele.com\/kriptorevolucija\/wp-content\/uploads\/Upaya-7-300x617.jpg 300w, https:\/\/www.adriankezele.com\/kriptorevolucija\/wp-content\/uploads\/Upaya-7-146x300.jpg 146w, https:\/\/www.adriankezele.com\/kriptorevolucija\/wp-content\/uploads\/Upaya-7-768x1579.jpg 768w, https:\/\/www.adriankezele.com\/kriptorevolucija\/wp-content\/uploads\/Upaya-7.jpg 1080w\" sizes=\"(max-width: 300px) 100vw, 300px\" \/><\/a><\/p>\n<p>&nbsp;<\/p>\n<p>Na ovom ekranu vidite status transakcije. U na\u0161em slu\u010daju, transakcija je potvr\u0111ena jedanput (1 confirmation). Ako malo pri\u010dekate, broj potvrda \u0107e se pove\u0107ati. Primjerice na 3:<\/p>\n<p>&nbsp;<\/p>\n<p><a href=\"http:\/\/www.adriankezele.com\/wp-content\/uploads\/Upaya-8.jpg\"><img decoding=\"async\" loading=\"lazy\" class=\"aligncenter wp-image-3273\" src=\"http:\/\/www.adriankezele.com\/wp-content\/uploads\/Upaya-8-498x1024.jpg\" alt=\"\" width=\"300\" height=\"617\" srcset=\"https:\/\/www.adriankezele.com\/kriptorevolucija\/wp-content\/uploads\/Upaya-8-498x1024.jpg 498w, https:\/\/www.adriankezele.com\/kriptorevolucija\/wp-content\/uploads\/Upaya-8-300x617.jpg 300w, https:\/\/www.adriankezele.com\/kriptorevolucija\/wp-content\/uploads\/Upaya-8-146x300.jpg 146w, https:\/\/www.adriankezele.com\/kriptorevolucija\/wp-content\/uploads\/Upaya-8-768x1579.jpg 768w, https:\/\/www.adriankezele.com\/kriptorevolucija\/wp-content\/uploads\/Upaya-8.jpg 1080w\" sizes=\"(max-width: 300px) 100vw, 300px\" \/><\/a><\/p>\n<p>&nbsp;<\/p>\n<p>Broj potvrda ozna\u010dava broj blokova (zapisa o ukupnim Litecoin transakcijama) koji su stvoreni nakon va\u0161e transakcije. Obi\u010dno se smatra da je potrebno 6 blokova da transakcija bude u potpunosti potvr\u0111ena.<\/p>\n<p>Ako se vratite na prethodni ekran (Litecoin iznos), vidjet \u0107ete da je va\u0161a transakcija sada ispisana crnim slovima, a da je iznos ozna\u010den crvenim.<\/p>\n<p>&nbsp;<\/p>\n<p><a href=\"http:\/\/www.adriankezele.com\/wp-content\/uploads\/Upaya-9.jpg\"><img decoding=\"async\" loading=\"lazy\" class=\"aligncenter wp-image-3274\" src=\"http:\/\/www.adriankezele.com\/wp-content\/uploads\/Upaya-9-498x1024.jpg\" alt=\"\" width=\"300\" height=\"617\" srcset=\"https:\/\/www.adriankezele.com\/kriptorevolucija\/wp-content\/uploads\/Upaya-9-498x1024.jpg 498w, https:\/\/www.adriankezele.com\/kriptorevolucija\/wp-content\/uploads\/Upaya-9-300x617.jpg 300w, https:\/\/www.adriankezele.com\/kriptorevolucija\/wp-content\/uploads\/Upaya-9-146x300.jpg 146w, https:\/\/www.adriankezele.com\/kriptorevolucija\/wp-content\/uploads\/Upaya-9-768x1579.jpg 768w, https:\/\/www.adriankezele.com\/kriptorevolucija\/wp-content\/uploads\/Upaya-9.jpg 1080w\" sizes=\"(max-width: 300px) 100vw, 300px\" \/><\/a><\/p>\n<p>&nbsp;<\/p>\n<p>U tom trenutku mo\u017eete smatrati da je transakcija uspje\u0161no provedena.<\/p>\n<p>\u010cestitam! Upravo ste izvr\u0161li svoje prvo pla\u0107anje kriptovalutom! Ujedno, zahvaljujem na va\u0161oj donaciji koja je po prvi put provedena kao potpuno decentralizirani prijenos \u201eenergije\u201c od vas do primatelja.<\/p>\n<p>U na\u010delu ne morate ni\u0161ta vi\u0161e raditi &#8211; ako ste upisali ispravnu adresu, sredstva su sada kod primatelja. Me\u0111utim, dobro je znati da je va\u0161a transakcija zabilje\u017eena i da uvijek mo\u017eete dokazati da ste poslali odre\u0111ena sredstva sa svoje na neku drugu adresu. O tome govori ID va\u0161e transakcije.<\/p>\n<p>&nbsp;<\/p>\n<h2><strong>ID transakcije<\/strong><\/h2>\n<p>&nbsp;<\/p>\n<p>Iako primatelj vidi da su sredstva upla\u0107ena, on\/a ne mo\u017ee znati od koga su stigla. U slu\u010daju donacije, to i nije toliko va\u017eno. Ali, moglo bi biti va\u017eno ako obavljate pla\u0107anja roba ili usluga. Znanje o broju transakcije je dokaz da ste ju ba\u0161 vi izvr\u0161ili.<\/p>\n<p>Gdje prona\u0107i ID transakcije?<\/p>\n<p>Zapravo ste ve\u0107 bili na mjestu gdje se taj podatak nalazi. Coinomi nov\u010danik, dodirnete Litecoin (ili kriptovalutu s kojom ste radili), dodirnete svoju transakciju. Pojavit \u0107e se sljede\u0107i ekran:<\/p>\n<p>&nbsp;<\/p>\n<p><a href=\"http:\/\/www.adriankezele.com\/wp-content\/uploads\/Upaya-10.jpg\"><img decoding=\"async\" loading=\"lazy\" class=\"aligncenter wp-image-3275\" src=\"http:\/\/www.adriankezele.com\/wp-content\/uploads\/Upaya-10-498x1024.jpg\" alt=\"\" width=\"300\" height=\"617\" srcset=\"https:\/\/www.adriankezele.com\/kriptorevolucija\/wp-content\/uploads\/Upaya-10-498x1024.jpg 498w, https:\/\/www.adriankezele.com\/kriptorevolucija\/wp-content\/uploads\/Upaya-10-300x617.jpg 300w, https:\/\/www.adriankezele.com\/kriptorevolucija\/wp-content\/uploads\/Upaya-10-146x300.jpg 146w, https:\/\/www.adriankezele.com\/kriptorevolucija\/wp-content\/uploads\/Upaya-10-768x1579.jpg 768w, https:\/\/www.adriankezele.com\/kriptorevolucija\/wp-content\/uploads\/Upaya-10.jpg 1080w\" sizes=\"(max-width: 300px) 100vw, 300px\" \/><\/a><\/p>\n<p>&nbsp;<\/p>\n<p>U dnu ekrana je \u201eTransaction id\u201c (broj transakcije, ili identitet transakcije) pomo\u0107u kojeg se prate transakcije na blockchainu.<\/p>\n<p>Da, to je prili\u010dno dug izraz, ali mo\u017eete ga prepisati ili skenirati, a zatim poslati primatelju.<\/p>\n<p>Recimo, ako ste uplatitli donaciju za projekt Synchro.zone, i \u017eelite nas o tome obavijestiti, mogli biste poslati mail na adresu umjetnost.davanja@gmail.com i napisati ne\u0161to poput ovoga: &#8220;Upravo sam vam poslao donaciju u iznosu XY u toj i toj kriptovaluti. Broj transakcije je&#8230;.. &#8220;<\/p>\n<p>Na taj na\u010din \u0107emo znati da smo primili donaciju i da je ona va\u0161a, a ne ne\u010dija tu\u0111a.<\/p>\n<p>&nbsp;<\/p>\n<p style=\"text-align: center\">***<\/p>\n<p>&nbsp;<\/p>\n<p>U na\u0107elu, na vrlo sli\u010dan ili poptuno istovjetan na\u010din mo\u017eete obavljati sva pla\u0107anja kriptovalutom. Nadam se da vam je mnogo toga sada jasnije u vezi \u201etajanstvenog\u201c kriptosvijeta. Isto tako, nadam se da je za vas ovo samo po\u010detak va\u0161eg dru\u017eenja s novim na\u010dinom \u010duvanja energije i vrijednosti, te svakodnevne uporabe u smislu pla\u0107anja i razmjene.<\/p>\n<p>Postupke koje ste nau\u010dili u prethodnih pet \u010dlanaka mo\u017eete ponavljati i koristiti kriptopla\u0107anja kad god za to uo\u010dite priliku. Imajte na umu da se ne radi samo o va\u0161oj dobrobiti (jeftiniji prijenos novca) ve\u0107 o cijelom pokretu \u010diji je ukupni rezultat izbacivanje iz igre posrednika, posebice banaka, ali i svih nametnutih sredi\u0161njih autoriteta koji kontrolom novca zapravo dr\u017ee vlast u svojim rukama i manipuliraju svijetom kako \u017eele.<\/p>\n<p>Kripto je velika prijetnja postoje\u0107em monetarnom sustavu. No, to ne zna\u010di da je savr\u0161en i da nema svoje mane. Jedna od njih je i pove\u0107ana odgovornost za \u010duvanje sredstava (prakti\u010dno, sami ste svoja banka). S tim dolazi pitanje sigurnosti (pass phrase, lozinke, javni klju\u010devi, privatni klju\u010devi, itd.). Ali, kona\u010dni rezultat \u2013 promjena same biti monetarnog sustava \u2013 vrijedan je truda.<\/p>\n<p>Osim toga, slo\u017eit \u0107ete se, sve skupa je vrlo zanimljivo!<\/p>\n<p>U slijede\u0107em \u010dlanku (za sada posljednjem) obradit \u0107u jedan od najpoznatijih \u201etvrdih nov\u010danika\u201c u kojem mo\u017eete sigurnu pohraniti ve\u0107e kriptoiznose u svrhu investicija. \u010clanak donosi detaljna uputstva oko nabave, instalacije i kori\u0161tenja jednog od najpoznatijih i najsigurnijih suvremenih tvrdih nov\u010danika: Ledger Nano S. <a href=\"http:\/\/www.adriankezele.com\/ledger-nano-s\/\" target=\"_blank\" rel=\"noopener\">Prije\u0111ite na \u010dlanak s istim imenom: \u201eLedger Nano S\u201c<\/a>.<\/p>\n<p>&nbsp;<\/p>\n","protected":false},"excerpt":{"rendered":"<p>\n&nbsp;<br \/>\nU pro\u0161lom koraku napravili ste svoju prvu kriptotransakciju i prebacili sredstva s mjenja\u010dnice na svoj nov\u010danik. Time ste napravili veliki korak, jer tako dugo dok je kriptovaluta bila na mjenja\u010dnici vi niste izi\u0161li iz centraliziranog monetarnog sustava. I dalje je va\u0161 novac \u010duvala neka \u201einstitucija\u201c, to jest posrednik. Od ovog trenutka nadalje, dakle od trenutka kad ste prebacili sredstva u svoj nov\u010danik, u\u0161li ste u podru\u010dje monetarne decentralizacije. Od sada nadalje pla\u0107ate izravno, bez posrednika. Va\u0161a energija ide &#8230;<\/p>\n","protected":false},"author":2,"featured_media":0,"parent":0,"menu_order":0,"comment_status":"open","ping_status":"open","template":"template_rightsidebar_horizontalnav.php","meta":[],"_links":{"self":[{"href":"https:\/\/www.adriankezele.com\/kriptorevolucija\/wp-json\/wp\/v2\/pages\/3264"}],"collection":[{"href":"https:\/\/www.adriankezele.com\/kriptorevolucija\/wp-json\/wp\/v2\/pages"}],"about":[{"href":"https:\/\/www.adriankezele.com\/kriptorevolucija\/wp-json\/wp\/v2\/types\/page"}],"author":[{"embeddable":true,"href":"https:\/\/www.adriankezele.com\/kriptorevolucija\/wp-json\/wp\/v2\/users\/2"}],"replies":[{"embeddable":true,"href":"https:\/\/www.adriankezele.com\/kriptorevolucija\/wp-json\/wp\/v2\/comments?post=3264"}],"version-history":[{"count":1,"href":"https:\/\/www.adriankezele.com\/kriptorevolucija\/wp-json\/wp\/v2\/pages\/3264\/revisions"}],"predecessor-version":[{"id":4139,"href":"https:\/\/www.adriankezele.com\/kriptorevolucija\/wp-json\/wp\/v2\/pages\/3264\/revisions\/4139"}],"wp:attachment":[{"href":"https:\/\/www.adriankezele.com\/kriptorevolucija\/wp-json\/wp\/v2\/media?parent=3264"}],"curies":[{"name":"wp","href":"https:\/\/api.w.org\/{rel}","templated":true}]}}