{"id":3244,"date":"2019-01-08T18:50:05","date_gmt":"2019-01-08T16:50:05","guid":{"rendered":"http:\/\/www.adriankezele.com\/?page_id=3244"},"modified":"2019-05-22T18:18:50","modified_gmt":"2019-05-22T16:18:50","slug":"moja-prva-kriptotransakcija","status":"publish","type":"page","link":"https:\/\/www.adriankezele.com\/kriptorevolucija\/moja-prva-kriptotransakcija\/","title":{"rendered":"Moja prva kriptotransakcija"},"content":{"rendered":"<p><a href=\"http:\/\/www.adriankezele.com\/wp-content\/uploads\/kriptotransakcija.jpg\"><img decoding=\"async\" loading=\"lazy\" class=\"aligncenter size-full wp-image-3245\" src=\"http:\/\/www.adriankezele.com\/wp-content\/uploads\/kriptotransakcija.jpg\" alt=\"\" width=\"668\" height=\"313\" srcset=\"https:\/\/www.adriankezele.com\/kriptorevolucija\/wp-content\/uploads\/kriptotransakcija.jpg 668w, https:\/\/www.adriankezele.com\/kriptorevolucija\/wp-content\/uploads\/kriptotransakcija-300x141.jpg 300w\" sizes=\"(max-width: 668px) 100vw, 668px\" \/><\/a><\/p>\n<p>&nbsp;<\/p>\n<p>U<a href=\"http:\/\/www.adriankezele.com\/multikriptonovcanik-coinomi\/\" target=\"_blank\" rel=\"noopener\"> pro\u0161lom \u010dlanku<\/a> nau\u010dili ste kako instalirati multikriptonov\u010danik Coinomi na svoj pametni telefon. Za\u0161titili ste ga lozinkom i na sigurno spremili svoju \u201epass phrase\u201c \u2013 niz od 18 rije\u010di poredanih po to\u010dnom redoslijedu. Sada ste spremni za primanje i \u010duvanje svojih kriptosredstava.<\/p>\n<p>Budu\u0107i da ste ve\u0107 ranije kupili ne\u0161to Litecoina (ili druge kriptovalute) preko mjenja\u010dnice Coinbase, sada \u0107ete prebaciti ta sredstva na Coinomi i na taj na\u010din kona\u010dno izi\u0107i iz centraliziranog monetarnog sustava te u potpunosti u\u0107i u podru\u010dje decentralizirane, izravne razmjene vrijednosti bez posrednika. Taj potez mo\u017ee izgledati kao samo jo\u0161 jedna tehnolo\u0161ka novotarija, ali on je mnogo zna\u010dajniji od toga. Radi se doslovce o prekretnici koja mo\u017ee odrediti va\u0161u budu\u0107nost ali i budu\u0107nost svijeta u kojem \u017eivite. Naime, \u010duvanjem svojih vlastitih sredstava u svom vlastitom nov\u010daniku izbacujete iz igre mnoge funkcije bankarskog sustava, preuzimate odgovornost na sebe i prizivate financijsku budu\u0107nost kakva donedavno nije bila mogu\u0107a.<\/p>\n<p>Da biste otvorili pristup \u010dlanku kliknite na \u201ePay 10\u201c (Naravno, u svom SatoshiPay nov\u010daniku koji je u va\u0161em pregledniku morate imati barem 10 Lumena. Ako ih nemate, ili niste sigurni o \u010demu je rije\u010d, pro\u010ditajte \u010dlanak <a href=\"https:\/\/www.adriankezele.com\/kriptorevolucija\/kriptotecaj\/\" target=\"_blank\" rel=\"noopener\">&#8220;Kriptote\u010daj&#8221;<\/a> u kojem se nalaze napuci o tome kako pribaviti Lumene.)<\/p>\n<p>&nbsp;<\/p>\n<p><!--satoshipay:start--><\/p>\n<hr \/>\n<p>&nbsp;<\/p>\n<p>Za ovaj postupak potrebni su vam ra\u010dunalo i mobitel.<\/p>\n<p>Najprije je potrebno do\u0107i do svog \u201ejavnog klju\u010da\u201c u Coinomi mobilnom nov\u010daniku, to jest do svoje adrese na koju \u0107ete poslati Litecoine s mjenja\u010dnice. (Naravno, isti postrupak vrijedi i za drugu kriptovalutu s tim da i u nov\u010daniku Coinomi i na mjenja\u010dnici Coinbase budete unutar one kriptovalute s kojom radite.)<\/p>\n<p>Pokrenite Coinomi nov\u010danik na svom pametnom telefonu. Pokazat \u0107e vam se po\u010detna stranica s popisom kriptovaluta koje ste odabrali. Uz sve njih \u0107e biti nula jer jo\u0161 uvijek nemate kriptosredstava. I na slici u primjeru Litecoini su na nuli.<\/p>\n<p>&nbsp;<\/p>\n<p><a href=\"http:\/\/www.adriankezele.com\/wp-content\/uploads\/Screenshot_Coinomi-1.jpg\"><img decoding=\"async\" loading=\"lazy\" class=\"aligncenter wp-image-3246\" src=\"http:\/\/www.adriankezele.com\/wp-content\/uploads\/Screenshot_Coinomi-1-498x1024.jpg\" alt=\"\" width=\"300\" height=\"617\" srcset=\"https:\/\/www.adriankezele.com\/kriptorevolucija\/wp-content\/uploads\/Screenshot_Coinomi-1-498x1024.jpg 498w, https:\/\/www.adriankezele.com\/kriptorevolucija\/wp-content\/uploads\/Screenshot_Coinomi-1-300x617.jpg 300w, https:\/\/www.adriankezele.com\/kriptorevolucija\/wp-content\/uploads\/Screenshot_Coinomi-1-146x300.jpg 146w, https:\/\/www.adriankezele.com\/kriptorevolucija\/wp-content\/uploads\/Screenshot_Coinomi-1-768x1579.jpg 768w, https:\/\/www.adriankezele.com\/kriptorevolucija\/wp-content\/uploads\/Screenshot_Coinomi-1.jpg 1080w\" sizes=\"(max-width: 300px) 100vw, 300px\" \/><\/a><\/p>\n<p>&nbsp;<\/p>\n<p>Dodirnite prstom Litecoin. Pokazat \u0107e se sljede\u0107i ekran:<\/p>\n<p>&nbsp;<\/p>\n<p><a href=\"http:\/\/www.adriankezele.com\/wp-content\/uploads\/Screenshot_Coinomi-3.jpg\"><img decoding=\"async\" loading=\"lazy\" class=\"aligncenter wp-image-3247\" src=\"http:\/\/www.adriankezele.com\/wp-content\/uploads\/Screenshot_Coinomi-3-498x1024.jpg\" alt=\"\" width=\"300\" height=\"617\" srcset=\"https:\/\/www.adriankezele.com\/kriptorevolucija\/wp-content\/uploads\/Screenshot_Coinomi-3-498x1024.jpg 498w, https:\/\/www.adriankezele.com\/kriptorevolucija\/wp-content\/uploads\/Screenshot_Coinomi-3-300x617.jpg 300w, https:\/\/www.adriankezele.com\/kriptorevolucija\/wp-content\/uploads\/Screenshot_Coinomi-3-146x300.jpg 146w, https:\/\/www.adriankezele.com\/kriptorevolucija\/wp-content\/uploads\/Screenshot_Coinomi-3-768x1579.jpg 768w, https:\/\/www.adriankezele.com\/kriptorevolucija\/wp-content\/uploads\/Screenshot_Coinomi-3.jpg 1080w\" sizes=\"(max-width: 300px) 100vw, 300px\" \/><\/a><\/p>\n<p>&nbsp;<\/p>\n<p>Zna\u010di, iznos Ltc u va\u0161em nov\u010daniku je nula.<\/p>\n<p>Sada prstom prije\u0111ite preko ekrana na uobi\u010dajeni na\u010din tako da ekran klizne udesno. Pokazat \u0107e se sljede\u0107i ekran:<\/p>\n<p>&nbsp;<\/p>\n<p><a href=\"http:\/\/www.adriankezele.com\/wp-content\/uploads\/Screenshot_Coinomi-4.jpg\"><img decoding=\"async\" loading=\"lazy\" class=\"aligncenter wp-image-3248\" src=\"http:\/\/www.adriankezele.com\/wp-content\/uploads\/Screenshot_Coinomi-4-498x1024.jpg\" alt=\"\" width=\"300\" height=\"617\" srcset=\"https:\/\/www.adriankezele.com\/kriptorevolucija\/wp-content\/uploads\/Screenshot_Coinomi-4-498x1024.jpg 498w, https:\/\/www.adriankezele.com\/kriptorevolucija\/wp-content\/uploads\/Screenshot_Coinomi-4-300x617.jpg 300w, https:\/\/www.adriankezele.com\/kriptorevolucija\/wp-content\/uploads\/Screenshot_Coinomi-4-146x300.jpg 146w, https:\/\/www.adriankezele.com\/kriptorevolucija\/wp-content\/uploads\/Screenshot_Coinomi-4-768x1579.jpg 768w, https:\/\/www.adriankezele.com\/kriptorevolucija\/wp-content\/uploads\/Screenshot_Coinomi-4.jpg 1080w\" sizes=\"(max-width: 300px) 100vw, 300px\" \/><\/a><\/p>\n<p>&nbsp;<\/p>\n<p>Na vrhu ekrana ispisan je va\u0161 javni klju\u010d, odnosno adresa (My address). Na sredini ekrana je kod, pa bi teoretski, ako bi po\u0161iljatelj imao skener (recimo, ako bi slao s drugog Coinomi nov\u010danika), mogao skenirati taj kod. Me\u0111utim, vi \u0107ete jednostavno zapisati svoju adresu. Mo\u017eete je pretipkati u kompjuter (u Notepad ili neki drugi program za obradu teksta). U\u010dinite to pa\u017eljivo. Razmaci nisu bitni. Oni su tu samo zato da vam olak\u0161aju \u010ditanje. Me\u0111utim, bitna su velika i mala slova. Adresa mora biti ispisana to\u010dno tako kako je vidite na ekranu. (<strong>Naravno, na slici u primjeru je jedna od na\u0161ih adresa. Vi na ekranu Coinomi nov\u010danika imate SVOJU, i tu adresu zapi\u0161ite.)<\/strong><\/p>\n<p>Kad ste sigurni da ste to\u010dno prepisali svoju adresu, prebacite se na ra\u010dunalo i oti\u0111ite na svoj Coinbase ra\u010dun (<a href=\"http:\/\/www.coinbase.com\">www.coinbase.com<\/a>, zatim \u201eLog in\u201c i upis svoje lozinke).<\/p>\n<p>Kliknite na \u201eAccounts\u201c (Ra\u010duni) u glavnom izborniku na vrhu stranice.<\/p>\n<p>Zatim kliknite na Ltc Wallet. Na tom ra\u010dunu imate neku koli\u010dinu Litecoina koje ste ranije kupili.<\/p>\n<p>&nbsp;<\/p>\n<p><a href=\"http:\/\/www.adriankezele.com\/wp-content\/uploads\/First-transaction-1.jpg\"><img decoding=\"async\" loading=\"lazy\" class=\"aligncenter size-large wp-image-3249\" src=\"http:\/\/www.adriankezele.com\/wp-content\/uploads\/First-transaction-1-1024x671.jpg\" alt=\"\" width=\"960\" height=\"629\" srcset=\"https:\/\/www.adriankezele.com\/kriptorevolucija\/wp-content\/uploads\/First-transaction-1-1024x671.jpg 1024w, https:\/\/www.adriankezele.com\/kriptorevolucija\/wp-content\/uploads\/First-transaction-1-300x197.jpg 300w, https:\/\/www.adriankezele.com\/kriptorevolucija\/wp-content\/uploads\/First-transaction-1-768x503.jpg 768w, https:\/\/www.adriankezele.com\/kriptorevolucija\/wp-content\/uploads\/First-transaction-1.jpg 1202w\" sizes=\"(max-width: 960px) 100vw, 960px\" \/><\/a><\/p>\n<p>&nbsp;<\/p>\n<p>Kliknite na \u201eSend\u201c unutar Ltc walleta. Pojavit \u0107e se sljede\u0107i prozor\u010di\u0107:<\/p>\n<p>&nbsp;<\/p>\n<p><a href=\"http:\/\/www.adriankezele.com\/wp-content\/uploads\/First-transaction-2.jpg\"><img decoding=\"async\" loading=\"lazy\" class=\"aligncenter size-full wp-image-3250\" src=\"http:\/\/www.adriankezele.com\/wp-content\/uploads\/First-transaction-2.jpg\" alt=\"\" width=\"557\" height=\"827\" srcset=\"https:\/\/www.adriankezele.com\/kriptorevolucija\/wp-content\/uploads\/First-transaction-2.jpg 557w, https:\/\/www.adriankezele.com\/kriptorevolucija\/wp-content\/uploads\/First-transaction-2-300x445.jpg 300w, https:\/\/www.adriankezele.com\/kriptorevolucija\/wp-content\/uploads\/First-transaction-2-202x300.jpg 202w\" sizes=\"(max-width: 557px) 100vw, 557px\" \/><\/a><\/p>\n<p>&nbsp;<\/p>\n<p>Pod Recipient (primatelj) upi\u0161ite svoju LTC adresu \u2013 onu koju ste prepisali s Coinomi nov\u010danika. U\u010dinite to pa\u017eljivo. Mo\u017eete napraviti copy\/paste ako ste je ranije upisali u Notepad, ali provjerite je li sve u redu prije nego \u0161to nastavite.<\/p>\n<p>Ako upi\u0161ete tehni\u010dki ispravnu adresu, pojavit \u0107e se zelena kva\u010dica (no to ne zna\u010di da je to VA\u0160A adresa \u2013 zna\u010di samo da je ispravna; <strong>na vama je da osigurate da je to doista va\u0161a adresa<\/strong>.)<\/p>\n<p>&nbsp;<\/p>\n<p><a href=\"http:\/\/www.adriankezele.com\/wp-content\/uploads\/First-transaction-3.jpg\"><img decoding=\"async\" loading=\"lazy\" class=\"aligncenter size-full wp-image-3251\" src=\"http:\/\/www.adriankezele.com\/wp-content\/uploads\/First-transaction-3.jpg\" alt=\"\" width=\"533\" height=\"131\" srcset=\"https:\/\/www.adriankezele.com\/kriptorevolucija\/wp-content\/uploads\/First-transaction-3.jpg 533w, https:\/\/www.adriankezele.com\/kriptorevolucija\/wp-content\/uploads\/First-transaction-3-300x74.jpg 300w\" sizes=\"(max-width: 533px) 100vw, 533px\" \/><\/a><\/p>\n<p>&nbsp;<\/p>\n<p>Jo\u0161 jednom provjerite je li adresa dobro upisana.<\/p>\n<p>I jo\u0161 jednom. Pa\u017eljivo.<\/p>\n<p>Zatim kliknite unutar Ltc podru\u010dja ispod Amount.<\/p>\n<p>&nbsp;<\/p>\n<p><a href=\"http:\/\/www.adriankezele.com\/wp-content\/uploads\/First-transaction-4.jpg\"><img decoding=\"async\" loading=\"lazy\" class=\"aligncenter size-full wp-image-3252\" src=\"http:\/\/www.adriankezele.com\/wp-content\/uploads\/First-transaction-4.jpg\" alt=\"\" width=\"517\" height=\"141\" srcset=\"https:\/\/www.adriankezele.com\/kriptorevolucija\/wp-content\/uploads\/First-transaction-4.jpg 517w, https:\/\/www.adriankezele.com\/kriptorevolucija\/wp-content\/uploads\/First-transaction-4-300x82.jpg 300w\" sizes=\"(max-width: 517px) 100vw, 517px\" \/><\/a><\/p>\n<p>&nbsp;<\/p>\n<p>Vjerojatno \u0107ete \u017eeljeti prebaciti maksimalnu koli\u010dinu Ltc, to jest sve \u0161to ste kupili. Kliknite na \u201eSend max\u201c. U tom polju sada se pojavljuje cijeli iznos Ltc-a koji imate. Ako \u017eelite prebaciti manju koli\u010dinu, upi\u0161ite iznos.<\/p>\n<p>Kliknite na \u201eContinue\u201c (nastavi).<\/p>\n<p>Pojavit \u0107e se prozor\u010di\u0107 s potvrdom transakcije. Jo\u0161 jednom provjerite sve podatke, posebice ispravnost adrese.<\/p>\n<p>&nbsp;<\/p>\n<p><a href=\"http:\/\/www.adriankezele.com\/wp-content\/uploads\/First-transaction-5.jpg\"><img decoding=\"async\" loading=\"lazy\" class=\"aligncenter size-full wp-image-3253\" src=\"http:\/\/www.adriankezele.com\/wp-content\/uploads\/First-transaction-5.jpg\" alt=\"\" width=\"548\" height=\"688\" srcset=\"https:\/\/www.adriankezele.com\/kriptorevolucija\/wp-content\/uploads\/First-transaction-5.jpg 548w, https:\/\/www.adriankezele.com\/kriptorevolucija\/wp-content\/uploads\/First-transaction-5-300x377.jpg 300w, https:\/\/www.adriankezele.com\/kriptorevolucija\/wp-content\/uploads\/First-transaction-5-239x300.jpg 239w\" sizes=\"(max-width: 548px) 100vw, 548px\" \/><\/a><\/p>\n<p>&nbsp;<\/p>\n<p>Primijetit \u0107ete da postoji ne\u0161to \u0161to se zove \u201eminers fee\u201c. To je provizija za transakciju koja ide \u201erudarima\u201c. Ona je prili\u010dno mala. U na\u0161em slu\u010daju iznosila je 0,00014 ili oko 2 euro centa.<\/p>\n<p>U trenutku kad ste na prethodnom ekranu kliknuli \u201eContinue\u201c na broj telefona koji ste ostavili prilikom prijave, poslan vam je sms s kodom. Najvjerojatnije \u0107ete ga dobiti u roku od nekoliko sekundi. Prepi\u0161ite taj kod u odgovaraju\u0107e mjesto (pored zelenog znaka, ispod napisa \u201eEnter the 2-step verification code provided by SMS to your phone\u201c).<\/p>\n<p>Ako je sve u redu i ako ste upisali kod koji vam je poslan sms-om, kliknite \u201eConfirm\u201c.<\/p>\n<p>Coinbase \u0107e vas sada vratiti na podru\u010dje Litecoina (pod My Accounts) i na desnoj strani \u0107ete vidjeti da je transakcija u tijeku (pending).<\/p>\n<p>&nbsp;<\/p>\n<p><a href=\"http:\/\/www.adriankezele.com\/wp-content\/uploads\/First-transaction-6.jpg\"><img decoding=\"async\" loading=\"lazy\" class=\"aligncenter size-large wp-image-3254\" src=\"http:\/\/www.adriankezele.com\/wp-content\/uploads\/First-transaction-6-1024x679.jpg\" alt=\"\" width=\"960\" height=\"637\" srcset=\"https:\/\/www.adriankezele.com\/kriptorevolucija\/wp-content\/uploads\/First-transaction-6-1024x679.jpg 1024w, https:\/\/www.adriankezele.com\/kriptorevolucija\/wp-content\/uploads\/First-transaction-6-300x199.jpg 300w, https:\/\/www.adriankezele.com\/kriptorevolucija\/wp-content\/uploads\/First-transaction-6-768x509.jpg 768w, https:\/\/www.adriankezele.com\/kriptorevolucija\/wp-content\/uploads\/First-transaction-6.jpg 1208w\" sizes=\"(max-width: 960px) 100vw, 960px\" \/><\/a><\/p>\n<p>&nbsp;<\/p>\n<p>Pri\u010dekajte neko vrijeme, recimo pola minute ili minutu. Na ekranu Coinbase i dalje \u0107e stajati \u201epending\u201c uz va\u0161u transakciju, ali vi se ve\u0107 mo\u017eete vratiti svom mobitelu. Pokrenite Coinomi nov\u010danik i pogledajte&#8230;<\/p>\n<p>Jesu li Litecoini stigli? \ud83d\ude0a<\/p>\n<p>Morali biste ih vidjeti na po\u010detnom ekranu na kojem \u0107e tako\u0111er biti i iznos u fiat valuti (dolarima ili eurima) koju ste odabrali na Coinomi nov\u010daniku.<\/p>\n<p>Evo na\u0161eg primjera:<\/p>\n<p>&nbsp;<\/p>\n<p><a href=\"http:\/\/www.adriankezele.com\/wp-content\/uploads\/Screenshot_Coinomi-5.jpg\"><img decoding=\"async\" loading=\"lazy\" class=\"aligncenter wp-image-3255\" src=\"http:\/\/www.adriankezele.com\/wp-content\/uploads\/Screenshot_Coinomi-5-498x1024.jpg\" alt=\"\" width=\"300\" height=\"617\" srcset=\"https:\/\/www.adriankezele.com\/kriptorevolucija\/wp-content\/uploads\/Screenshot_Coinomi-5-498x1024.jpg 498w, https:\/\/www.adriankezele.com\/kriptorevolucija\/wp-content\/uploads\/Screenshot_Coinomi-5-300x617.jpg 300w, https:\/\/www.adriankezele.com\/kriptorevolucija\/wp-content\/uploads\/Screenshot_Coinomi-5-146x300.jpg 146w, https:\/\/www.adriankezele.com\/kriptorevolucija\/wp-content\/uploads\/Screenshot_Coinomi-5-768x1579.jpg 768w, https:\/\/www.adriankezele.com\/kriptorevolucija\/wp-content\/uploads\/Screenshot_Coinomi-5.jpg 1080w\" sizes=\"(max-width: 300px) 100vw, 300px\" \/><\/a><\/p>\n<p>&nbsp;<\/p>\n<p>Kao \u0161to vidite, uz Litecoine sada stoji 0,2639 i njihova trenuta\u010dna vrijednost u dolarima.<\/p>\n<p>Ako dodirnete Litecoin, pokazat \u0107e vam se sljede\u0107i ekran:<\/p>\n<p>&nbsp;<\/p>\n<p><a href=\"http:\/\/www.adriankezele.com\/wp-content\/uploads\/Screenshot_Coinomi-6.jpg\"><img decoding=\"async\" loading=\"lazy\" class=\"aligncenter wp-image-3256\" src=\"http:\/\/www.adriankezele.com\/wp-content\/uploads\/Screenshot_Coinomi-6-498x1024.jpg\" alt=\"\" width=\"300\" height=\"617\" srcset=\"https:\/\/www.adriankezele.com\/kriptorevolucija\/wp-content\/uploads\/Screenshot_Coinomi-6-498x1024.jpg 498w, https:\/\/www.adriankezele.com\/kriptorevolucija\/wp-content\/uploads\/Screenshot_Coinomi-6-300x617.jpg 300w, https:\/\/www.adriankezele.com\/kriptorevolucija\/wp-content\/uploads\/Screenshot_Coinomi-6-146x300.jpg 146w, https:\/\/www.adriankezele.com\/kriptorevolucija\/wp-content\/uploads\/Screenshot_Coinomi-6-768x1579.jpg 768w, https:\/\/www.adriankezele.com\/kriptorevolucija\/wp-content\/uploads\/Screenshot_Coinomi-6.jpg 1080w\" sizes=\"(max-width: 300px) 100vw, 300px\" \/><\/a><\/p>\n<p>&nbsp;<\/p>\n<p>Dakle, to je iznos Litecoina koje imate u nov\u010daniku, njihova trenuta\u010dna vrijednost u fiat valuti te vrijeme transakcije.<\/p>\n<p>&nbsp;<\/p>\n<p style=\"text-align: center\">***<\/p>\n<p>&nbsp;<\/p>\n<p>\u0160to se ti\u010de \u201epending\u201c (u obradi) natpisa uz transakciju na Coinbase, razlog je taj \u0161to je potrebno neko vrijeme da se transakcija potvrdi na Litecoin blockchainu. Postoje tehni\u010dki razlozi za to, ali u njih ne\u0107emo sada ulaziti. Uglavnom, nakon desetak minuta ili ne\u0161to kra\u0107e, odnosno du\u017ee, na Coinbase \u0107e se uz va\u0161u transakciju maknuti oznaka \u201epending\u201c:<\/p>\n<p>&nbsp;<\/p>\n<p><a href=\"http:\/\/www.adriankezele.com\/wp-content\/uploads\/First-transaction-7.jpg\"><img decoding=\"async\" loading=\"lazy\" class=\"aligncenter size-full wp-image-3257\" src=\"http:\/\/www.adriankezele.com\/wp-content\/uploads\/First-transaction-7.jpg\" alt=\"\" width=\"832\" height=\"286\" srcset=\"https:\/\/www.adriankezele.com\/kriptorevolucija\/wp-content\/uploads\/First-transaction-7.jpg 832w, https:\/\/www.adriankezele.com\/kriptorevolucija\/wp-content\/uploads\/First-transaction-7-300x103.jpg 300w, https:\/\/www.adriankezele.com\/kriptorevolucija\/wp-content\/uploads\/First-transaction-7-768x264.jpg 768w\" sizes=\"(max-width: 832px) 100vw, 832px\" \/><\/a><\/p>\n<p>&nbsp;<\/p>\n<p>Ako kliknete na strelicu (usmjerenu prema gore) uz transakciju, otvorit \u0107e se prozor\u010di\u0107 na kojem \u0107ete vidjeti detalje transakcije i u donjem desnom kutu oznaku \u201eCOMPLETED\u201c (izvr\u0161eno).<\/p>\n<p>&nbsp;<\/p>\n<p><a href=\"http:\/\/www.adriankezele.com\/wp-content\/uploads\/First-transaction-8.jpg\"><img decoding=\"async\" loading=\"lazy\" class=\"aligncenter size-full wp-image-3258\" src=\"http:\/\/www.adriankezele.com\/wp-content\/uploads\/First-transaction-8.jpg\" alt=\"\" width=\"482\" height=\"594\" srcset=\"https:\/\/www.adriankezele.com\/kriptorevolucija\/wp-content\/uploads\/First-transaction-8.jpg 482w, https:\/\/www.adriankezele.com\/kriptorevolucija\/wp-content\/uploads\/First-transaction-8-300x370.jpg 300w, https:\/\/www.adriankezele.com\/kriptorevolucija\/wp-content\/uploads\/First-transaction-8-243x300.jpg 243w\" sizes=\"(max-width: 482px) 100vw, 482px\" \/><\/a><\/p>\n<p>&nbsp;<\/p>\n<p style=\"text-align: center\">***<\/p>\n<p>&nbsp;<\/p>\n<p>Eto! Nije bilo tako te\u0161ko, zar ne?<\/p>\n<p>Zaslu\u017eili ste velike \u010destitke! Ne samo da ste kupili kriptovalutu, ve\u0107 je sada i \u010duvate u vlastitom kriptonov\u010daniku. To je veliki korak, jer tako dugo dok je kriptovaluta bila na mjenja\u010dnici, vi niste izi\u0161li iz centraliziranog monetarnog sustava. I dalje je va\u0161 novac \u010duvala neka \u201einstitucija\u201c, to jest posrednik. Od ovog trenutka nadalje, dakle od trenutka kad ste prebacili sredstva u svoj nov\u010danik, u\u0161li ste u podru\u010dje monetarne decentralizacije. Od sada nadalje pla\u0107ate izravno, ne preko posrednika. Va\u0161a energija ide izravno do primatelja, a to je promjena koju je svijet doslovce \u010dekao tisu\u0107lje\u0107ima.<\/p>\n<p>Zapamtite, sredstva su na sigurnom tako dugo dok vi \u010duvate privatne klju\u010deve. U ovom slu\u010daju, to je \u201epass phrase\u201c koju ste zapisali u drugom koraku kad ste instalirali Coinomi nov\u010danik.<\/p>\n<p>\u010cak i ako izgubite mobitel, on se pokvari ili ga jednostavno \u017eelite promijeniti, na novom mobitelu mo\u017eete obnoviti svoja sredstva (instalirate Coinomi nov\u010danik, ali umjesto da napravite novi, idete na \u201erestore\u201c opciju \u2013 zna\u010di na obnovu starog \u2013 i upi\u0161ete svoju \u201epass phrase\u201c).<\/p>\n<p>&nbsp;<\/p>\n<p style=\"text-align: center\">***<\/p>\n<p>&nbsp;<\/p>\n<p>Kriptovaluta je sada va\u0161a. U sljede\u0107em koraku nau\u010dit \u0107emo kako poslati sredstva iz Coinomi nov\u010danika na neku drugu adresu (u na\u0161em slu\u010daju to \u0107e biti prilog odnosno donacija za projekt Synchro.zone kojeg odr\u017eava Udruga Umjetnost davanja), gdje pogledati potvrdu transakcije i eventualno dojaviti primatelju da ste sredstva poslali. Za razliku od transakcije koju ste upravo izvr\u0161ili, gdje je polazna to\u010dka jo\u0161 uvijek bila centralizirana mjenja\u010dnica, u sljede\u0107oj \u0107emo transakciji presko\u010diti svakog posrednika i prebaciti vrijednost izravno od vas do primatelja.<\/p>\n<p>Naravno, sa svojim kritposredstvima mo\u017eete raspolagati kako god \u017eelite (recimo, platiti njima pi\u0107e u obli\u017enjem kafi\u0107u ako je vlasnik kafi\u0107a dovoljno napredan da prima kripto), ali preporu\u010dujem da pro\u0111ete i sljede\u0107i korak na te\u010daju te na taj na\u010din osigurate da ste razumjeli kako se pla\u0107anje obavlja. Koliko velika \u0107e biti va\u0161a donacija, ovisi samo o vama.<\/p>\n<p>&nbsp;<\/p>\n<p style=\"text-align: center\"><a href=\"http:\/\/www.adriankezele.com\/placanje-kriptovalutom\/\" target=\"_blank\" rel=\"noopener\">OTI\u0110ITE NA \u010cLANAK &#8220;PLA\u0106ANJE KRIPTOVALUTOM&#8221;<\/a><\/p>\n<p>&nbsp;<\/p>\n","protected":false},"excerpt":{"rendered":"<p>\n&nbsp;<br \/>\nU pro\u0161lom \u010dlanku nau\u010dili ste kako instalirati multikriptonov\u010danik Coinomi na svoj pametni telefon. Za\u0161titili ste ga lozinkom i na sigurno spremili svoju \u201epass phrase\u201c \u2013 niz od 18 rije\u010di poredanih po to\u010dnom redoslijedu. Sada ste spremni za primanje i \u010duvanje svojih kriptosredstava.<br \/>\nBudu\u0107i da ste ve\u0107 ranije kupili ne\u0161to Litecoina (ili druge kriptovalute) preko mjenja\u010dnice Coinbase, sada \u0107ete prebaciti ta sredstva na Coinomi i na taj na\u010din kona\u010dno izi\u0107i iz centraliziranog monetarnog sustava te u potpunosti u\u0107i u &#8230;<\/p>\n","protected":false},"author":2,"featured_media":0,"parent":0,"menu_order":0,"comment_status":"open","ping_status":"open","template":"template_rightsidebar_horizontalnav.php","meta":[],"_links":{"self":[{"href":"https:\/\/www.adriankezele.com\/kriptorevolucija\/wp-json\/wp\/v2\/pages\/3244"}],"collection":[{"href":"https:\/\/www.adriankezele.com\/kriptorevolucija\/wp-json\/wp\/v2\/pages"}],"about":[{"href":"https:\/\/www.adriankezele.com\/kriptorevolucija\/wp-json\/wp\/v2\/types\/page"}],"author":[{"embeddable":true,"href":"https:\/\/www.adriankezele.com\/kriptorevolucija\/wp-json\/wp\/v2\/users\/2"}],"replies":[{"embeddable":true,"href":"https:\/\/www.adriankezele.com\/kriptorevolucija\/wp-json\/wp\/v2\/comments?post=3244"}],"version-history":[{"count":1,"href":"https:\/\/www.adriankezele.com\/kriptorevolucija\/wp-json\/wp\/v2\/pages\/3244\/revisions"}],"predecessor-version":[{"id":4138,"href":"https:\/\/www.adriankezele.com\/kriptorevolucija\/wp-json\/wp\/v2\/pages\/3244\/revisions\/4138"}],"wp:attachment":[{"href":"https:\/\/www.adriankezele.com\/kriptorevolucija\/wp-json\/wp\/v2\/media?parent=3244"}],"curies":[{"name":"wp","href":"https:\/\/api.w.org\/{rel}","templated":true}]}}