{"id":3216,"date":"2019-01-08T18:00:08","date_gmt":"2019-01-08T16:00:08","guid":{"rendered":"http:\/\/www.adriankezele.com\/?page_id=3216"},"modified":"2019-05-22T18:17:43","modified_gmt":"2019-05-22T16:17:43","slug":"multikriptonovcanik-coinomi","status":"publish","type":"page","link":"https:\/\/www.adriankezele.com\/kriptorevolucija\/multikriptonovcanik-coinomi\/","title":{"rendered":"Multikriptonov\u010danik Coinomi"},"content":{"rendered":"<p><a href=\"http:\/\/www.adriankezele.com\/wp-content\/uploads\/Coinomi-logo.jpg\"><img decoding=\"async\" loading=\"lazy\" class=\"aligncenter size-full wp-image-3217\" src=\"http:\/\/www.adriankezele.com\/wp-content\/uploads\/Coinomi-logo.jpg\" alt=\"\" width=\"951\" height=\"378\" srcset=\"https:\/\/www.adriankezele.com\/kriptorevolucija\/wp-content\/uploads\/Coinomi-logo.jpg 951w, https:\/\/www.adriankezele.com\/kriptorevolucija\/wp-content\/uploads\/Coinomi-logo-300x119.jpg 300w, https:\/\/www.adriankezele.com\/kriptorevolucija\/wp-content\/uploads\/Coinomi-logo-768x305.jpg 768w\" sizes=\"(max-width: 951px) 100vw, 951px\" \/><\/a><\/p>\n<p>&nbsp;<\/p>\n<p>U <a href=\"http:\/\/www.adriankezele.com\/coinbase-kupovina-kriptovalute\/\" target=\"_blank\" rel=\"noopener\">pro\u0161lom \u010dlanku<\/a> nau\u010dili ste kako otvoriti svoj ra\u010dun na kriptomjenja\u010dnici Coinbase, te kupiti kriptovalutu pomo\u0107u svoje kreditne kartice. Sada je vrijeme za va\u0161 prvi kriptonov\u010danik na koji \u0107ete kasnije prebaciti sredstva s mjenja\u010dnice.<\/p>\n<p>Za po\u010detak, bit \u0107e to nov\u010danik za svakodnevnu potro\u0161nju koji \u0107ete instalirati na svoj pametni telefon. Kao \u0161to ste nau\u010dili u \u010dlanku Kriptosigurnost, mobilni nov\u010danici su me\u0111u najmanje sigurnima jer su prakti\u010dno stalno online. Teoretski, takve je nov\u010danike najlak\u0161e hakirati. U praksi, me\u0111utim, te\u0161ko da \u0107e se netko time baviti budu\u0107i da je trud oko hakiranja mnogo ve\u0107i nego nagrada koju lopov mo\u017ee dobiti provalom u va\u0161 nov\u010danik. Mnogo ve\u0107a opasnost le\u017ei u gubitku mobitela ili njegovoj dostupnosti drugim ljudima, zajedno s va\u0161om lozinkom.<\/p>\n<p>Mobilni kriptonov\u010danici namijenjeni su svakodnevnoj potro\u0161nji i njih \u0107ete, jednog dana kad pla\u0107anje kriptovalutom postane svakodnevica, koristiti mnogo vi\u0161e nego danas. Prema takvom se nov\u010daniku odnosite kao prema onome u va\u0161em d\u017eepu odnosno torbici: pazite da ga ne izgubite, te u njemu nemojte dr\u017eati ve\u0107e koli\u010dine novca. U njega stavljajte toliko koliko mislite da vam je potrebno za kupovinu svakodnevnih sitnica.<\/p>\n<p>Mobilnih kriptonov\u010danika ima mnogo. Neki od njih namijenjeni su samo jednoj kriptovaluti, a u nekima mo\u017eete dr\u017eati razne vrste kriptosredstava. Jedan od najboljih i najsigurnijih multikriptonov\u010danika je Coinomi.<\/p>\n<p>Da biste otvorili pristup \u010dlanku kliknite na \u201ePay 10\u201c (Naravno, u svom SatoshiPay nov\u010daniku koji je u va\u0161em pregledniku morate imati barem 10 Lumena. Ako ih nemate, ili niste sigurni o \u010demu je rije\u010d, pro\u010ditajte \u010dlanak <a href=\"https:\/\/www.adriankezele.com\/kriptorevolucija\/kriptotecaj\/\" target=\"_blank\" rel=\"noopener\">&#8220;Kriptote\u010daj&#8221;<\/a> u kojem se nalaze napuci o tome kako pribaviti Lumene.)<\/p>\n<p>&nbsp;<\/p>\n<p><!--satoshipay:start--><\/p>\n<p>&nbsp;<\/p>\n<p><strong>Instalacija multikriptonov\u010danika Coinomi<\/strong><\/p>\n<p>&nbsp;<\/p>\n<p>Oti\u0111ite na Play Store ili App Store (Android odnosno iOS) i ukucajte COINOMI. Pokazat \u0107e vam se su\u010delje za preuzimanje Coinomi aplikacije.<\/p>\n<p>&nbsp;<\/p>\n<p><a href=\"http:\/\/www.adriankezele.com\/wp-content\/uploads\/Coinomi-1.jpg\"><img decoding=\"async\" loading=\"lazy\" class=\"aligncenter size-full wp-image-3218\" src=\"http:\/\/www.adriankezele.com\/wp-content\/uploads\/Coinomi-1.jpg\" alt=\"\" width=\"375\" height=\"500\" srcset=\"https:\/\/www.adriankezele.com\/kriptorevolucija\/wp-content\/uploads\/Coinomi-1.jpg 375w, https:\/\/www.adriankezele.com\/kriptorevolucija\/wp-content\/uploads\/Coinomi-1-300x400.jpg 300w, https:\/\/www.adriankezele.com\/kriptorevolucija\/wp-content\/uploads\/Coinomi-1-225x300.jpg 225w\" sizes=\"(max-width: 375px) 100vw, 375px\" \/><\/a><\/p>\n<p>&nbsp;<\/p>\n<p>Kliknite \u201eInstall\u201c. Nakon \u0161to va\u0161 telefon instalira aplikaciju, kliknite na \u201eOpen\u201c i pokazat \u0107e vam se po\u010detni ekran Coinomi nov\u010danika.<\/p>\n<p>&nbsp;<\/p>\n<p><a href=\"http:\/\/www.adriankezele.com\/wp-content\/uploads\/Coinomi-2.jpg\"><img decoding=\"async\" loading=\"lazy\" class=\"aligncenter size-full wp-image-3219\" src=\"http:\/\/www.adriankezele.com\/wp-content\/uploads\/Coinomi-2.jpg\" alt=\"\" width=\"375\" height=\"500\" srcset=\"https:\/\/www.adriankezele.com\/kriptorevolucija\/wp-content\/uploads\/Coinomi-2.jpg 375w, https:\/\/www.adriankezele.com\/kriptorevolucija\/wp-content\/uploads\/Coinomi-2-300x400.jpg 300w, https:\/\/www.adriankezele.com\/kriptorevolucija\/wp-content\/uploads\/Coinomi-2-225x300.jpg 225w\" sizes=\"(max-width: 375px) 100vw, 375px\" \/><\/a><\/p>\n<p>&nbsp;<\/p>\n<p>Kliknite na \u201eCreate a new wallet\u201c. (Ako ikada budete mijenjali mobitel, ili \u017eeljeli svoj nov\u010danik instalirati na drugi ure\u0111aj, kliknut \u0107ete na \u201eRestore a wallet\u201c. U tom \u0107e vam slu\u010daju biti potrebna lista od 18 rije\u010di \u2013 <em>recovery phrase<\/em> ili <em>\u201efraza za obnovu\u201c<\/em> &#8211; koje \u0107ete uskoro zapisati i sa\u010duvati.) U ovom trenutku idemo na otvaranje novog nov\u010danika.<\/p>\n<p>Kad kliknete na \u201eCreate a new wallet\u201c, otvorit \u0107e se sljede\u0107i ekran:<\/p>\n<p>&nbsp;<\/p>\n<p><a href=\"http:\/\/www.adriankezele.com\/wp-content\/uploads\/Coinomi-3.jpg\"><img decoding=\"async\" loading=\"lazy\" class=\"aligncenter size-full wp-image-3220\" src=\"http:\/\/www.adriankezele.com\/wp-content\/uploads\/Coinomi-3.jpg\" alt=\"\" width=\"375\" height=\"500\" srcset=\"https:\/\/www.adriankezele.com\/kriptorevolucija\/wp-content\/uploads\/Coinomi-3.jpg 375w, https:\/\/www.adriankezele.com\/kriptorevolucija\/wp-content\/uploads\/Coinomi-3-300x400.jpg 300w, https:\/\/www.adriankezele.com\/kriptorevolucija\/wp-content\/uploads\/Coinomi-3-225x300.jpg 225w\" sizes=\"(max-width: 375px) 100vw, 375px\" \/><\/a><\/p>\n<p>&nbsp;<\/p>\n<p>\u201eRecovery phrase\u201c je na slici sakrivena iza crnog kvadrata. Na va\u0161em \u0107e ekranu biti lista od 18 engleskih rije\u010di.<\/p>\n<p>ZAPI\u0160ITE IH RUKOM NA PAPIR. Nemojte slikati, kopirati ni na druge elektronske na\u010dine poku\u0161ati sa\u010duvati te rije\u010di. Time biste zna\u010dajno pove\u0107ali \u0161anse da netko provali u va\u0161 nov\u010danik. Dakle, papir i olovku u ruke i uredno i \u010ditljivo zapi\u0161ite te rije\u010di to\u010dnim redoslijedom. Zatim pospremite taj papir u kuvertu na sigurno mjesto, do kojeg po mogu\u0107nosti samo vi imate pristup. Ako ikada izgubite mobitel, ili ga mijenjate, te \u0107e vam rije\u010di u to\u010dnom redoslijedu jam\u010diti obnovu va\u0161ih sredstava. Ako ih izgubite, s njima su oti\u0161la i sredstva koja \u0107ete imati u svom nov\u010daniku.<\/p>\n<p>Da bi vas Coinomi sa\u010duvao od vlastitih pogre\u0161aka, u dnu ekrana bit \u0107e re\u010denica \u201eI have safely stored my recovery phrase.\u201c (Sa\u010duvao sam i pohranio na sigurno svoju frazu za obnovu.)<\/p>\n<p>&nbsp;<\/p>\n<p><a href=\"http:\/\/www.adriankezele.com\/wp-content\/uploads\/Coinomi-4.jpg\"><img decoding=\"async\" loading=\"lazy\" class=\"aligncenter size-full wp-image-3221\" src=\"http:\/\/www.adriankezele.com\/wp-content\/uploads\/Coinomi-4.jpg\" alt=\"\" width=\"375\" height=\"500\" srcset=\"https:\/\/www.adriankezele.com\/kriptorevolucija\/wp-content\/uploads\/Coinomi-4.jpg 375w, https:\/\/www.adriankezele.com\/kriptorevolucija\/wp-content\/uploads\/Coinomi-4-300x400.jpg 300w, https:\/\/www.adriankezele.com\/kriptorevolucija\/wp-content\/uploads\/Coinomi-4-225x300.jpg 225w\" sizes=\"(max-width: 375px) 100vw, 375px\" \/><\/a><\/p>\n<p>&nbsp;<\/p>\n<p>Ozna\u010dite kva\u010dicu uz tu re\u010denicu i kliknite NEXT.<\/p>\n<p>Slijedi jo\u0161 jedna sigurnosna provjera. Coinomi tra\u017ei od vas da poredate 18 rije\u010di fraze za obnovu u pravilan redoslijed.<\/p>\n<p>&nbsp;<\/p>\n<p><a href=\"http:\/\/www.adriankezele.com\/wp-content\/uploads\/Coinomi-5.jpg\"><img decoding=\"async\" loading=\"lazy\" class=\"aligncenter size-full wp-image-3223\" src=\"http:\/\/www.adriankezele.com\/wp-content\/uploads\/Coinomi-5.jpg\" alt=\"\" width=\"375\" height=\"500\" srcset=\"https:\/\/www.adriankezele.com\/kriptorevolucija\/wp-content\/uploads\/Coinomi-5.jpg 375w, https:\/\/www.adriankezele.com\/kriptorevolucija\/wp-content\/uploads\/Coinomi-5-300x400.jpg 300w, https:\/\/www.adriankezele.com\/kriptorevolucija\/wp-content\/uploads\/Coinomi-5-225x300.jpg 225w\" sizes=\"(max-width: 375px) 100vw, 375px\" \/><\/a><\/p>\n<p>&nbsp;<\/p>\n<p>Naravno, na va\u0161em \u0107e ekranu biti va\u0161ih 18 rije\u010di u pogre\u0161nom redoslijedu. Uzmite papir na kojem ste zapisali svoju frazu i kliknite na rije\u010di u pravom redoslijedu, od prve do osamnaeste.<\/p>\n<p>Kad ste to napravili, Coinomi \u0107e od vas tra\u017eiti da upi\u0161ete svoju lozinku.<\/p>\n<p>Lozinka slu\u017ei kao sigurnost za potvrdu svakodnevnih pla\u0107anja, promjena postavki itd. Lozinka vam ne\u0107e vratiti sredstva ako izgubite mobitel \u2013 tome slu\u017ei fraza za obnovu. Me\u0111utim, i lozinku morate zapamtiti jer bez nje ne\u0107ete mo\u0107i raditi transakcije. No, razina sigurnosti za lozinku znatno je manja pa mo\u017eete koristiti ne\u0161to \u0161to vam je lako zapamtiti. Coinomi tra\u017ei da lozinka bude sastavljena od najmanje deset znakova.<\/p>\n<p>&nbsp;<\/p>\n<p><a href=\"http:\/\/www.adriankezele.com\/wp-content\/uploads\/Coinomi-6.jpg\"><img decoding=\"async\" loading=\"lazy\" class=\"aligncenter size-full wp-image-3225\" src=\"http:\/\/www.adriankezele.com\/wp-content\/uploads\/Coinomi-6.jpg\" alt=\"\" width=\"375\" height=\"500\" srcset=\"https:\/\/www.adriankezele.com\/kriptorevolucija\/wp-content\/uploads\/Coinomi-6.jpg 375w, https:\/\/www.adriankezele.com\/kriptorevolucija\/wp-content\/uploads\/Coinomi-6-300x400.jpg 300w, https:\/\/www.adriankezele.com\/kriptorevolucija\/wp-content\/uploads\/Coinomi-6-225x300.jpg 225w\" sizes=\"(max-width: 375px) 100vw, 375px\" \/><\/a><\/p>\n<p>&nbsp;<\/p>\n<p>Upi\u0161ite istu lozinku dva puta.<\/p>\n<p>Na sljede\u0107em ekranu odabrat \u0107ete kriptovalute koje \u017eelite imati u svom nov\u010daniku. Nai\u0107i \u0107ete na poduga\u010dku listu \u2013 Coinomi je doista mo\u0107an MULTIkripto nov\u010danik \u2013 a vi \u0107ete za po\u010detak izabrati dvije. Jedna od njih neka bude Bitcoin (Btc) &#8211; kao prva i jo\u0161 uvijek najzna\u010dajnija kriptovaluta. Zatim potra\u017eite Litecoin. Litecoin (Ltc) je mla\u0111i brat Bitcoina, a vi ste ve\u0107 vlasnik odre\u0111ene koli\u010dine Ltc-a. Odnosno, ako ste u prethodnom koraku preko Coinbase kupili neku drugu kriptovalutu (BCH ili ETH), mo\u017eete izabrati njih ili neke druge kriptovalute, ako ih poznajete i ako smatrate da \u0107e vam biti korisno imati ih u su\u010delju svog nov\u010danika. Imajte na umu da kasnije uvijek mo\u017eete dodati kriptovalute koje vam trebaju.<\/p>\n<p>&nbsp;<\/p>\n<p><a href=\"http:\/\/www.adriankezele.com\/wp-content\/uploads\/Coinomi-8.jpg\"><img decoding=\"async\" loading=\"lazy\" class=\"aligncenter size-full wp-image-3226\" src=\"http:\/\/www.adriankezele.com\/wp-content\/uploads\/Coinomi-8.jpg\" alt=\"\" width=\"375\" height=\"500\" srcset=\"https:\/\/www.adriankezele.com\/kriptorevolucija\/wp-content\/uploads\/Coinomi-8.jpg 375w, https:\/\/www.adriankezele.com\/kriptorevolucija\/wp-content\/uploads\/Coinomi-8-300x400.jpg 300w, https:\/\/www.adriankezele.com\/kriptorevolucija\/wp-content\/uploads\/Coinomi-8-225x300.jpg 225w\" sizes=\"(max-width: 375px) 100vw, 375px\" \/><\/a><\/p>\n<p>&nbsp;<\/p>\n<p>Kad zavr\u0161ite s izborom kriptovaluta, kliknite FINISH.<\/p>\n<p>Pojavit \u0107e se jo\u0161 jedan ekran koji ne morate \u010ditati ako ne \u017eelite. To su uobi\u010dajeni uvjeti kori\u0161tenja programa, kao i upozorenja da ste sami odgovorni za svoja sredstva i svoje pogre\u0161ke.<\/p>\n<p>&nbsp;<\/p>\n<p><a href=\"http:\/\/www.adriankezele.com\/wp-content\/uploads\/Coinomi-9.jpg\"><img decoding=\"async\" loading=\"lazy\" class=\"aligncenter size-full wp-image-3227\" src=\"http:\/\/www.adriankezele.com\/wp-content\/uploads\/Coinomi-9.jpg\" alt=\"\" width=\"375\" height=\"500\" srcset=\"https:\/\/www.adriankezele.com\/kriptorevolucija\/wp-content\/uploads\/Coinomi-9.jpg 375w, https:\/\/www.adriankezele.com\/kriptorevolucija\/wp-content\/uploads\/Coinomi-9-300x400.jpg 300w, https:\/\/www.adriankezele.com\/kriptorevolucija\/wp-content\/uploads\/Coinomi-9-225x300.jpg 225w\" sizes=\"(max-width: 375px) 100vw, 375px\" \/><\/a><\/p>\n<p>&nbsp;<\/p>\n<p>Kliknite AGREE (sla\u017eem se).<\/p>\n<p>Pojavit \u0107e se sljede\u0107i ekran:<\/p>\n<p>&nbsp;<\/p>\n<p><a href=\"http:\/\/www.adriankezele.com\/wp-content\/uploads\/Coinomi-10.jpg\"><img decoding=\"async\" loading=\"lazy\" class=\"aligncenter size-full wp-image-3228\" src=\"http:\/\/www.adriankezele.com\/wp-content\/uploads\/Coinomi-10.jpg\" alt=\"\" width=\"375\" height=\"500\" srcset=\"https:\/\/www.adriankezele.com\/kriptorevolucija\/wp-content\/uploads\/Coinomi-10.jpg 375w, https:\/\/www.adriankezele.com\/kriptorevolucija\/wp-content\/uploads\/Coinomi-10-300x400.jpg 300w, https:\/\/www.adriankezele.com\/kriptorevolucija\/wp-content\/uploads\/Coinomi-10-225x300.jpg 225w\" sizes=\"(max-width: 375px) 100vw, 375px\" \/><\/a><\/p>\n<p>&nbsp;<\/p>\n<p>Kliknite na Overview (Pregled).<\/p>\n<p>&nbsp;<\/p>\n<p><a href=\"http:\/\/www.adriankezele.com\/wp-content\/uploads\/Coinomi-11.jpg\"><img decoding=\"async\" loading=\"lazy\" class=\"aligncenter size-full wp-image-3229\" src=\"http:\/\/www.adriankezele.com\/wp-content\/uploads\/Coinomi-11.jpg\" alt=\"\" width=\"375\" height=\"500\" srcset=\"https:\/\/www.adriankezele.com\/kriptorevolucija\/wp-content\/uploads\/Coinomi-11.jpg 375w, https:\/\/www.adriankezele.com\/kriptorevolucija\/wp-content\/uploads\/Coinomi-11-300x400.jpg 300w, https:\/\/www.adriankezele.com\/kriptorevolucija\/wp-content\/uploads\/Coinomi-11-225x300.jpg 225w\" sizes=\"(max-width: 375px) 100vw, 375px\" \/><\/a><\/p>\n<p>&nbsp;<\/p>\n<p>Dakle, ovo je po\u010detni ekran va\u0161eg nov\u010danika. Ako ste i vi odabrali Bitcoin i Litecoin, on izgleda to\u010dno ovako. Ako ste odabrali jo\u0161 i neku drugu kriptovalutu, onda je i ona na po\u010detnom ekranu.<\/p>\n<p>Ispod svake kriptovalute imate napisano koliko ona trenuta\u010dno vrijedi prema podacima na tr\u017ei\u0161tu (naj\u010de\u0161\u0107e prema podacima s Coinmarketcap.com stranice).<\/p>\n<p>Coinomi dolazi s postavljenim vrijednostima u engleskim funtama GBP. Hajdemo to promijeniti.<\/p>\n<p>Kliknite na tri uspravne to\u010dkice u gornjem desnom kutu ekrana.<\/p>\n<p>&nbsp;<\/p>\n<p><a href=\"http:\/\/www.adriankezele.com\/wp-content\/uploads\/Coinomi-12.jpg\"><img decoding=\"async\" loading=\"lazy\" class=\"aligncenter size-full wp-image-3230\" src=\"http:\/\/www.adriankezele.com\/wp-content\/uploads\/Coinomi-12.jpg\" alt=\"\" width=\"375\" height=\"500\" srcset=\"https:\/\/www.adriankezele.com\/kriptorevolucija\/wp-content\/uploads\/Coinomi-12.jpg 375w, https:\/\/www.adriankezele.com\/kriptorevolucija\/wp-content\/uploads\/Coinomi-12-300x400.jpg 300w, https:\/\/www.adriankezele.com\/kriptorevolucija\/wp-content\/uploads\/Coinomi-12-225x300.jpg 225w\" sizes=\"(max-width: 375px) 100vw, 375px\" \/><\/a><\/p>\n<p>&nbsp;<\/p>\n<p>Kliknite na Settings (Postavke).<\/p>\n<p>&nbsp;<\/p>\n<p><a href=\"http:\/\/www.adriankezele.com\/wp-content\/uploads\/Coinomi-13.jpg\"><img decoding=\"async\" loading=\"lazy\" class=\"aligncenter size-full wp-image-3231\" src=\"http:\/\/www.adriankezele.com\/wp-content\/uploads\/Coinomi-13.jpg\" alt=\"\" width=\"375\" height=\"500\" srcset=\"https:\/\/www.adriankezele.com\/kriptorevolucija\/wp-content\/uploads\/Coinomi-13.jpg 375w, https:\/\/www.adriankezele.com\/kriptorevolucija\/wp-content\/uploads\/Coinomi-13-300x400.jpg 300w, https:\/\/www.adriankezele.com\/kriptorevolucija\/wp-content\/uploads\/Coinomi-13-225x300.jpg 225w\" sizes=\"(max-width: 375px) 100vw, 375px\" \/><\/a><\/p>\n<p>&nbsp;<\/p>\n<p>Kliknite na Exchange rates (Te\u010dajna lista).<\/p>\n<p>Odaberite \u017eeljenu valutu \u2013 recimo Euro.<\/p>\n<p>&nbsp;<\/p>\n<p><a href=\"http:\/\/www.adriankezele.com\/wp-content\/uploads\/Coinomi-14.jpg\"><img decoding=\"async\" loading=\"lazy\" class=\"aligncenter size-full wp-image-3232\" src=\"http:\/\/www.adriankezele.com\/wp-content\/uploads\/Coinomi-14.jpg\" alt=\"\" width=\"375\" height=\"500\" srcset=\"https:\/\/www.adriankezele.com\/kriptorevolucija\/wp-content\/uploads\/Coinomi-14.jpg 375w, https:\/\/www.adriankezele.com\/kriptorevolucija\/wp-content\/uploads\/Coinomi-14-300x400.jpg 300w, https:\/\/www.adriankezele.com\/kriptorevolucija\/wp-content\/uploads\/Coinomi-14-225x300.jpg 225w\" sizes=\"(max-width: 375px) 100vw, 375px\" \/><\/a><\/p>\n<p>&nbsp;<\/p>\n<p>Nakon toga \u0107e vam Coinomi prikazivati vrijednosti kriptovaluta u eurima (ili odabranoj valuti).<\/p>\n<p>&nbsp;<\/p>\n<p style=\"text-align: center\">***<\/p>\n<p>&nbsp;<\/p>\n<p>Hajdemo sada, za vje\u017ebu, dodati jo\u0161 jednu kriptovalutu u svoj nov\u010danik.<\/p>\n<p>Kliknite na tri vodoravne crtice u lijevom gornjem uglu ekrana.<\/p>\n<p>&nbsp;<\/p>\n<p><a href=\"http:\/\/www.adriankezele.com\/wp-content\/uploads\/Coinomi-15.jpg\"><img decoding=\"async\" loading=\"lazy\" class=\"aligncenter size-full wp-image-3233\" src=\"http:\/\/www.adriankezele.com\/wp-content\/uploads\/Coinomi-15.jpg\" alt=\"\" width=\"375\" height=\"500\" srcset=\"https:\/\/www.adriankezele.com\/kriptorevolucija\/wp-content\/uploads\/Coinomi-15.jpg 375w, https:\/\/www.adriankezele.com\/kriptorevolucija\/wp-content\/uploads\/Coinomi-15-300x400.jpg 300w, https:\/\/www.adriankezele.com\/kriptorevolucija\/wp-content\/uploads\/Coinomi-15-225x300.jpg 225w\" sizes=\"(max-width: 375px) 100vw, 375px\" \/><\/a><\/p>\n<p>&nbsp;<\/p>\n<p>U dnu ekrana vidite dva izbornika, +COINS i +TOKENS.<\/p>\n<p>Tokeni nas za sada ne zanimaju i nisu dio ovog kratkog te\u010daja. \u017delimo dodati jo\u0161 jednu kriptovalutu, i to \u0107e biti Ethereum.<\/p>\n<p>Kliknite na +COINS.<\/p>\n<p>&nbsp;<\/p>\n<p><a href=\"http:\/\/www.adriankezele.com\/wp-content\/uploads\/Coinomi-16.jpg\"><img decoding=\"async\" loading=\"lazy\" class=\"aligncenter size-full wp-image-3234\" src=\"http:\/\/www.adriankezele.com\/wp-content\/uploads\/Coinomi-16.jpg\" alt=\"\" width=\"375\" height=\"500\" srcset=\"https:\/\/www.adriankezele.com\/kriptorevolucija\/wp-content\/uploads\/Coinomi-16.jpg 375w, https:\/\/www.adriankezele.com\/kriptorevolucija\/wp-content\/uploads\/Coinomi-16-300x400.jpg 300w, https:\/\/www.adriankezele.com\/kriptorevolucija\/wp-content\/uploads\/Coinomi-16-225x300.jpg 225w\" sizes=\"(max-width: 375px) 100vw, 375px\" \/><\/a><\/p>\n<p>&nbsp;<\/p>\n<p>Pomi\u010dite se na ekranu dok ne do\u0111ete do \u201eEthereum\u201c. Ozna\u010dite ga.<\/p>\n<p>&nbsp;<\/p>\n<p><a href=\"http:\/\/www.adriankezele.com\/wp-content\/uploads\/Coinomi-17.jpg\"><img decoding=\"async\" loading=\"lazy\" class=\"aligncenter size-full wp-image-3235\" src=\"http:\/\/www.adriankezele.com\/wp-content\/uploads\/Coinomi-17.jpg\" alt=\"\" width=\"375\" height=\"500\" srcset=\"https:\/\/www.adriankezele.com\/kriptorevolucija\/wp-content\/uploads\/Coinomi-17.jpg 375w, https:\/\/www.adriankezele.com\/kriptorevolucija\/wp-content\/uploads\/Coinomi-17-300x400.jpg 300w, https:\/\/www.adriankezele.com\/kriptorevolucija\/wp-content\/uploads\/Coinomi-17-225x300.jpg 225w\" sizes=\"(max-width: 375px) 100vw, 375px\" \/><\/a><\/p>\n<p>&nbsp;<\/p>\n<p>Da biste dodali novu kriptovalutu, Coinomi tra\u017ei lozinku. Upi\u0161ite je i kliknite ADD.<\/p>\n<p>Nakon toga, na po\u010detnom ekranu va\u0161eg Coinomi nov\u010danika sada se uz Bitcoin i Litecoin nalazi i Ethereum.<\/p>\n<p>&nbsp;<\/p>\n<p><a href=\"http:\/\/www.adriankezele.com\/wp-content\/uploads\/Coinomi-18.jpg\"><img decoding=\"async\" loading=\"lazy\" class=\"aligncenter size-full wp-image-3236\" src=\"http:\/\/www.adriankezele.com\/wp-content\/uploads\/Coinomi-18.jpg\" alt=\"\" width=\"375\" height=\"500\" srcset=\"https:\/\/www.adriankezele.com\/kriptorevolucija\/wp-content\/uploads\/Coinomi-18.jpg 375w, https:\/\/www.adriankezele.com\/kriptorevolucija\/wp-content\/uploads\/Coinomi-18-300x400.jpg 300w, https:\/\/www.adriankezele.com\/kriptorevolucija\/wp-content\/uploads\/Coinomi-18-225x300.jpg 225w\" sizes=\"(max-width: 375px) 100vw, 375px\" \/><\/a><\/p>\n<p>&nbsp;<\/p>\n<p style=\"text-align: center\">***<\/p>\n<p>\u010cestitam, upravo ste instalirali i podesili svoj multikriptonov\u010danik Coinomi!<\/p>\n<p>U sljede\u0107em \u010dlanku nau\u010dit \u0107ete kako prebaciti sredstva sa svog Coinbase ra\u010duna (koja ste kupili ranije) na svoj Coinomi nov\u010danik. Drugim rije\u010dima, provest \u0107ete svoju prvu pravu kriptotransakciju!<\/p>\n<p>&nbsp;<\/p>\n<p style=\"text-align: center\"><a href=\"http:\/\/www.adriankezele.com\/moja-prva-kriptotransakcija\/\" target=\"_blank\" rel=\"noopener\">NASTAVITE TE\u010cAJ SA \u010cLANKOM &#8220;MOJA PRVA KRIPTOTRANSAKCIJA&#8221;<\/a><\/p>\n<p>&nbsp;<\/p>\n","protected":false},"excerpt":{"rendered":"<p>\n&nbsp;<br \/>\nU pro\u0161lom \u010dlanku nau\u010dili ste kako otvoriti svoj ra\u010dun na kriptomjenja\u010dnici Coinbase, te kupiti kriptovalutu pomo\u0107u svoje kreditne kartice. Sada je vrijeme za va\u0161 prvi kriptonov\u010danik na koji \u0107ete kasnije prebaciti sredstva s mjenja\u010dnice.<br \/>\nZa po\u010detak, bit \u0107e to nov\u010danik za svakodnevnu potro\u0161nju koji \u0107ete instalirati na svoj pametni telefon. Kao \u0161to ste nau\u010dili u \u010dlanku Kriptosigurnost, mobilni nov\u010danici su me\u0111u najmanje sigurnima jer su prakti\u010dno stalno online. Teoretski, takve je nov\u010danike najlak\u0161e hakirati. U praksi, me\u0111utim, te\u0161ko &#8230;<\/p>\n","protected":false},"author":2,"featured_media":0,"parent":0,"menu_order":0,"comment_status":"open","ping_status":"open","template":"template_rightsidebar_horizontalnav.php","meta":[],"_links":{"self":[{"href":"https:\/\/www.adriankezele.com\/kriptorevolucija\/wp-json\/wp\/v2\/pages\/3216"}],"collection":[{"href":"https:\/\/www.adriankezele.com\/kriptorevolucija\/wp-json\/wp\/v2\/pages"}],"about":[{"href":"https:\/\/www.adriankezele.com\/kriptorevolucija\/wp-json\/wp\/v2\/types\/page"}],"author":[{"embeddable":true,"href":"https:\/\/www.adriankezele.com\/kriptorevolucija\/wp-json\/wp\/v2\/users\/2"}],"replies":[{"embeddable":true,"href":"https:\/\/www.adriankezele.com\/kriptorevolucija\/wp-json\/wp\/v2\/comments?post=3216"}],"version-history":[{"count":1,"href":"https:\/\/www.adriankezele.com\/kriptorevolucija\/wp-json\/wp\/v2\/pages\/3216\/revisions"}],"predecessor-version":[{"id":4137,"href":"https:\/\/www.adriankezele.com\/kriptorevolucija\/wp-json\/wp\/v2\/pages\/3216\/revisions\/4137"}],"wp:attachment":[{"href":"https:\/\/www.adriankezele.com\/kriptorevolucija\/wp-json\/wp\/v2\/media?parent=3216"}],"curies":[{"name":"wp","href":"https:\/\/api.w.org\/{rel}","templated":true}]}}